{"id":6494,"date":"2018-05-02T09:51:00","date_gmt":"2018-05-02T07:51:00","guid":{"rendered":"http:\/\/192.168.100.188:8888\/wordpress\/?page_id=6494"},"modified":"2020-01-13T10:59:49","modified_gmt":"2020-01-13T09:59:49","slug":"videos","status":"publish","type":"page","link":"https:\/\/www.bmsfrance.eu\/de\/videos\/","title":{"rendered":"Videos"},"content":{"rendered":"<div id=\"cmsmasters_row_nbbdh1521\" class=\"cmsmasters_row cmsmasters_color_scheme_default cmsmasters_row_top_default cmsmasters_row_bot_default cmsmasters_row_boxed\">\n<div class=\"cmsmasters_row_outer_parent\">\n<div class=\"cmsmasters_row_outer\">\n<div class=\"cmsmasters_row_inner\">\n<div class=\"cmsmasters_row_margin\">\n<div id=\"cmsmasters_column_k1u9nn0afq\" class=\"cmsmasters_column one_first\">\n<div class=\"cmsmasters_column_inner\">\n<div id=\"cmsmasters_divider_kti2wxvwj8\" class=\"cl\"><\/div>\n<\/div><\/div>\n<\/div>\n<\/div>\n<\/div>\n<\/div>\n<\/div>\n<div id=\"cmsmasters_row_gd0126y85f\" class=\"cmsmasters_row cmsmasters_color_scheme_default cmsmasters_row_top_default cmsmasters_row_bot_default cmsmasters_row_boxed\">\n<div class=\"cmsmasters_row_outer_parent\">\n<div class=\"cmsmasters_row_outer\">\n<div class=\"cmsmasters_row_inner\">\n<div class=\"cmsmasters_row_margin\">\n<div id=\"cmsmasters_column_8s2ya9f00l\" class=\"cmsmasters_column one_first\">\n<div class=\"cmsmasters_column_inner\"><div class=\"aligncenter\"><div class=\"cmsmasters_img  cmsmasters_image_c little\"><a href=\"https:\/\/www.youtube.com\/user\/BMSfranceOfficiel\" target=\"_blank\"><img decoding=\"async\" src=\"https:\/\/www.bmsfrance.eu\/wp-content\/uploads\/2018\/07\/bandeau-youtube-all.jpg\" \/><\/a><\/div><\/div>\n<\/div><\/div>\n<\/div>\n<\/div>\n<\/div>\n<\/div>\n<\/div>\n<div id=\"cmsmasters_row_42qi8quucj\" class=\"cmsmasters_row cmsmasters_color_scheme_default cmsmasters_row_top_default cmsmasters_row_bot_default cmsmasters_row_boxed\">\n<div class=\"cmsmasters_row_outer_parent\">\n<div class=\"cmsmasters_row_outer\">\n<div class=\"cmsmasters_row_inner\">\n<div class=\"cmsmasters_row_margin\">\n<div id=\"cmsmasters_column_32bt72z5\" class=\"cmsmasters_column one_first\">\n<div class=\"cmsmasters_column_inner\">\n<div id=\"cmsmasters_divider_i9w149baqm\" class=\"cl\"><\/div>\n<\/div><\/div>\n<\/div>\n<\/div>\n<\/div>\n<\/div>\n<\/div>\n<div id=\"cmsmasters_row_kdx5scowa\" class=\"cmsmasters_row cmsmasters_color_scheme_default cmsmasters_row_top_default cmsmasters_row_bot_default cmsmasters_row_boxed\">\n<div class=\"cmsmasters_row_outer_parent\">\n<div class=\"cmsmasters_row_outer\">\n<div class=\"cmsmasters_row_inner\">\n<div class=\"cmsmasters_row_margin\">\n<div id=\"cmsmasters_column_l4rczixk5e\" class=\"cmsmasters_column one_half\">\n<div class=\"cmsmasters_column_inner\"><div class=\"cmsmasters_text\">\n<p><strong>Pyrolyseofen<\/strong><br \/>\nDer Ofen beseitigt alle Restmaterialien von Ihren D\u00fcsen- oder Scheckenspitzte durch Pyrolyse.<br \/>\nSie beladen den Ofen mit Ihren Teilen mithilfe des Korbes, der w\u00e4hrend des Reinigungsprozesses im Ofen verbleibt und m\u00f6gliche austretende Reststoffe aufnimmt.<\/p>\n<\/div>\n<\/div><\/div>\n<div id=\"cmsmasters_column_wc9o4daa5\" class=\"cmsmasters_column one_half\">\n<div class=\"cmsmasters_column_inner\"><div class=\"custom_html\">\n<iframe width=\"560\" height=\"315\" src=\"https:\/\/www.youtube-nocookie.com\/embed\/Dceqi5RjQcc\" frameborder=\"0\" allow=\" encrypted-media;  picture-in-picture\" allowfullscreen><\/iframe>\n<\/div>\n<\/div><\/div>\n<\/div>\n<\/div>\n<\/div>\n<\/div>\n<\/div>\n<div id=\"cmsmasters_row_fljxlog8m\" class=\"cmsmasters_row cmsmasters_color_scheme_default cmsmasters_row_top_default cmsmasters_row_bot_default cmsmasters_row_boxed\">\n<div class=\"cmsmasters_row_outer_parent\">\n<div class=\"cmsmasters_row_outer\">\n<div class=\"cmsmasters_row_inner\">\n<div class=\"cmsmasters_row_margin\">\n<div id=\"cmsmasters_column_ov8haxx76c\" class=\"cmsmasters_column one_first\">\n<div class=\"cmsmasters_column_inner\">\n<div id=\"cmsmasters_divider_ax00xc9ao9\" class=\"cl\"><\/div>\n<\/div><\/div>\n<\/div>\n<\/div>\n<\/div>\n<\/div>\n<\/div>\n<div id=\"cmsmasters_row_zf8y3abrum\" class=\"cmsmasters_row cmsmasters_color_scheme_default cmsmasters_row_top_default cmsmasters_row_bot_default cmsmasters_row_boxed\">\n<div class=\"cmsmasters_row_outer_parent\">\n<div class=\"cmsmasters_row_outer\">\n<div class=\"cmsmasters_row_inner\">\n<div class=\"cmsmasters_row_margin\">\n<div id=\"cmsmasters_column_9dychdmn59\" class=\"cmsmasters_column one_half\">\n<div class=\"cmsmasters_column_inner\"><div class=\"custom_html\">\n<iframe width=\"560\" height=\"315\" src=\"https:\/\/www.youtube-nocookie.com\/embed\/wRltmDFBpcs\" frameborder=\"0\" allow=\"encrypted-media; picture-in-picture\" allowfullscreen><\/iframe>\n<\/div>\n<\/div><\/div>\n<div id=\"cmsmasters_column_w7jmejwi4q\" class=\"cmsmasters_column one_half\">\n<div class=\"cmsmasters_column_inner\"><div class=\"cmsmasters_text\">\n<p><strong>D\u00fcsen<\/strong><\/p>\n<ul>\n<li>Innenbeheizte D\u00fcsen<\/li>\n<li>Mischd\u00fcsen mit Elementen<\/li>\n<li>Filterd\u00fcsen mit Spaltfilter<\/li>\n<li>Zweiteilige D\u00fcsen<\/li>\n<li>D\u00fcsenk\u00f6pfe<\/li>\n<li>Schneckenspitzen<\/li>\n<li>Ansatzst\u00fccke von Herstellern<\/li>\n<li>Einteilige D\u00fcsen<\/li>\n<\/ul>\n<\/div>\n<\/div><\/div>\n<\/div>\n<\/div>\n<\/div>\n<\/div>\n<\/div>\n<div id=\"cmsmasters_row_scmfr8pp6b\" class=\"cmsmasters_row cmsmasters_color_scheme_default cmsmasters_row_top_default cmsmasters_row_bot_default cmsmasters_row_boxed\">\n<div class=\"cmsmasters_row_outer_parent\">\n<div class=\"cmsmasters_row_outer\">\n<div class=\"cmsmasters_row_inner\">\n<div class=\"cmsmasters_row_margin\">\n<div id=\"cmsmasters_column_f6boh7ymfc\" class=\"cmsmasters_column one_first\">\n<div class=\"cmsmasters_column_inner\">\n<div id=\"cmsmasters_divider_tlru8bxvzd\" class=\"cl\"><\/div>\n<\/div><\/div>\n<\/div>\n<\/div>\n<\/div>\n<\/div>\n<\/div>\n<div id=\"cmsmasters_row_xwn34fcus\" class=\"cmsmasters_row cmsmasters_color_scheme_default cmsmasters_row_top_default cmsmasters_row_bot_default cmsmasters_row_boxed\">\n<div class=\"cmsmasters_row_outer_parent\">\n<div class=\"cmsmasters_row_outer\">\n<div class=\"cmsmasters_row_inner\">\n<div class=\"cmsmasters_row_margin\">\n<div id=\"cmsmasters_column_ry5df3stnq\" class=\"cmsmasters_column one_half\">\n<div class=\"cmsmasters_column_inner\"><div class=\"cmsmasters_text\">\n<p><strong>Inspektionstisch f\u00fcr Spritzgiesswerkzeuge<\/strong><\/p>\n<p>Der Inspektionstisch, der speziell f\u00fcr die Instandhaltung von Spritzgiesswerkzeugen konzipiert wurde, erleichtert alle Wartungsarbeiten. Er erlaubt ein Werkzeug zu \u00f6ffnen, zu dessen Bestandteilen in der Trennebene zu gelangen und es wenige Sekunden sp\u00e4ter wieder zu schliessen. Dieses Hilfsmittel, welches mit zahlreichen Optionen geliefert werden kann, passt f\u00fcr alle Werkzeuge und garantiert optimale Effizienz und Arbeitssicherheit.<\/p>\n<\/div>\n<\/div><\/div>\n<div id=\"cmsmasters_column_zd6nesbas\" class=\"cmsmasters_column one_half\">\n<div class=\"cmsmasters_column_inner\"><div class=\"custom_html\">\n<iframe width=\"560\" height=\"315\" src=\"https:\/\/www.youtube-nocookie.com\/embed\/5ei_5dmVaXc\" frameborder=\"0\" allow=\" encrypted-media; picture-in-picture\" allowfullscreen><\/iframe>\n<\/div>\n<\/div><\/div>\n<\/div>\n<\/div>\n<\/div>\n<\/div>\n<\/div>\n\n","protected":false},"excerpt":{"rendered":"","protected":false},"author":1,"featured_media":0,"parent":0,"menu_order":10,"comment_status":"closed","ping_status":"closed","template":"","meta":{"footnotes":""},"yst_prominent_words":[4665,4659,4807,4662,4823,4824,4822,4666,4664,4660],"class_list":["post-6494","page","type-page","status-publish","hentry"],"_links":{"self":[{"href":"https:\/\/www.bmsfrance.eu\/de\/wp-json\/wp\/v2\/pages\/6494","targetHints":{"allow":["GET"]}}],"collection":[{"href":"https:\/\/www.bmsfrance.eu\/de\/wp-json\/wp\/v2\/pages"}],"about":[{"href":"https:\/\/www.bmsfrance.eu\/de\/wp-json\/wp\/v2\/types\/page"}],"author":[{"embeddable":true,"href":"https:\/\/www.bmsfrance.eu\/de\/wp-json\/wp\/v2\/users\/1"}],"replies":[{"embeddable":true,"href":"https:\/\/www.bmsfrance.eu\/de\/wp-json\/wp\/v2\/comments?post=6494"}],"version-history":[{"count":7,"href":"https:\/\/www.bmsfrance.eu\/de\/wp-json\/wp\/v2\/pages\/6494\/revisions"}],"predecessor-version":[{"id":20061,"href":"https:\/\/www.bmsfrance.eu\/de\/wp-json\/wp\/v2\/pages\/6494\/revisions\/20061"}],"wp:attachment":[{"href":"https:\/\/www.bmsfrance.eu\/de\/wp-json\/wp\/v2\/media?parent=6494"}],"wp:term":[{"taxonomy":"yst_prominent_words","embeddable":true,"href":"https:\/\/www.bmsfrance.eu\/de\/wp-json\/wp\/v2\/yst_prominent_words?post=6494"}],"curies":[{"name":"wp","href":"https:\/\/api.w.org\/{rel}","templated":true}]}}