{"id":6787,"date":"2018-05-07T15:00:33","date_gmt":"2018-05-07T13:00:33","guid":{"rendered":"http:\/\/192.168.100.188:8888\/wordpress\/?page_id=6787"},"modified":"2020-01-06T10:54:42","modified_gmt":"2020-01-06T09:54:42","slug":"bestellen-sie-einen-katalog","status":"publish","type":"page","link":"https:\/\/www.bmsfrance.eu\/de\/bestellen-sie-einen-katalog\/","title":{"rendered":"Bestellen Sie einen Katalog"},"content":{"rendered":"<div id=\"cmsmasters_row_\" class=\"cmsmasters_row cmsmasters_color_scheme_default cmsmasters_row_top_default cmsmasters_row_bot_default cmsmasters_row_boxed\">\n<div class=\"cmsmasters_row_outer_parent\">\n<div class=\"cmsmasters_row_outer\">\n<div class=\"cmsmasters_row_inner\">\n<div class=\"cmsmasters_row_margin\">\n<div id=\"cmsmasters_column_\" class=\"cmsmasters_column one_third\">\n<div class=\"cmsmasters_column_inner\"><div class=\"cmsmasters_text\">\n<p style=\"text-align: center;\">Bestellen Sie einen oder mehrere unserer Kataloge kostenlos Denken Sie daran, dass alle Kataloge online verf\u00fcgbar sind.<\/p>\n<\/div>\n<div class=\"aligncenter\"><div class=\"cmsmasters_img  cmsmasters_image_c\"><a href=\"https:\/\/fr.calameo.com\/read\/00461515401d6292a13f9\" target=\"_blank\"><img decoding=\"async\" src=\"\" \/><\/a><\/div><\/div><div class=\"cmsmasters_text\">\n<p style=\"text-align: center;\">B23 | Hauptkatalog<\/p>\n<\/div>\n<div id=\"cmsmasters_divider_nyqg83aaa\" class=\"cl\"><\/div>\n<div class=\"aligncenter\"><div class=\"cmsmasters_img  cmsmasters_image_c\"><a href=\"https:\/\/fr.calameo.com\/read\/004615154ded612715f9b\" target=\"_blank\"><img decoding=\"async\" src=\"\" \/><\/a><\/div><\/div><div class=\"cmsmasters_text\">\n<p style=\"text-align: center;\">Greifer Baukasten<\/p>\n<\/div>\n<\/div><\/div>\n<div id=\"cmsmasters_column_gm60zco7ob\" class=\"cmsmasters_column two_third\" data-animation=\"bounceInRight\" data-delay=\"200\">\n<div class=\"cmsmasters_column_inner\">\n<div class=\"cmsmasters_contact_form\"><p class=\"wpcf7-contact-form-not-found\"><strong>Fehler:<\/strong> Kontaktformular wurde nicht gefunden.<\/p><\/div>\n<div class=\"cmsmasters_text\">\n<p><\/p>\n<\/div>\n<div class=\"cmsmasters_text\">\n<p>In \u00dcbereinstimmung mit dem Datenschutzgesetz vom 6. Januar 1978 haben Sie ein Recht auf Zugang, Berichtigung und L\u00f6schung von Informationen \u00fcber Sie.<\/p>\n<\/div>\n<\/div><\/div>\n<\/div>\n<\/div>\n<\/div>\n<\/div>\n<\/div>\n\n","protected":false},"excerpt":{"rendered":"","protected":false},"author":1,"featured_media":0,"parent":0,"menu_order":8,"comment_status":"closed","ping_status":"closed","template":"","meta":{"footnotes":""},"yst_prominent_words":[4782,4663],"class_list":["post-6787","page","type-page","status-publish","hentry"],"_links":{"self":[{"href":"https:\/\/www.bmsfrance.eu\/de\/wp-json\/wp\/v2\/pages\/6787","targetHints":{"allow":["GET"]}}],"collection":[{"href":"https:\/\/www.bmsfrance.eu\/de\/wp-json\/wp\/v2\/pages"}],"about":[{"href":"https:\/\/www.bmsfrance.eu\/de\/wp-json\/wp\/v2\/types\/page"}],"author":[{"embeddable":true,"href":"https:\/\/www.bmsfrance.eu\/de\/wp-json\/wp\/v2\/users\/1"}],"replies":[{"embeddable":true,"href":"https:\/\/www.bmsfrance.eu\/de\/wp-json\/wp\/v2\/comments?post=6787"}],"version-history":[{"count":7,"href":"https:\/\/www.bmsfrance.eu\/de\/wp-json\/wp\/v2\/pages\/6787\/revisions"}],"predecessor-version":[{"id":19848,"href":"https:\/\/www.bmsfrance.eu\/de\/wp-json\/wp\/v2\/pages\/6787\/revisions\/19848"}],"wp:attachment":[{"href":"https:\/\/www.bmsfrance.eu\/de\/wp-json\/wp\/v2\/media?parent=6787"}],"wp:term":[{"taxonomy":"yst_prominent_words","embeddable":true,"href":"https:\/\/www.bmsfrance.eu\/de\/wp-json\/wp\/v2\/yst_prominent_words?post=6787"}],"curies":[{"name":"wp","href":"https:\/\/api.w.org\/{rel}","templated":true}]}}