{"id":8664,"date":"2018-05-28T11:03:12","date_gmt":"2018-05-28T09:03:12","guid":{"rendered":"http:\/\/192.168.100.188:8888\/wordpress\/?page_id=8664"},"modified":"2020-01-06T11:27:23","modified_gmt":"2020-01-06T10:27:23","slug":"newsletter","status":"publish","type":"page","link":"https:\/\/www.bmsfrance.eu\/de\/newsletter\/","title":{"rendered":"Newsletter"},"content":{"rendered":"<div id=\"cmsmasters_row_\" class=\"cmsmasters_row cmsmasters_color_scheme_default cmsmasters_row_top_default cmsmasters_row_bot_default cmsmasters_row_boxed\">\n<div class=\"cmsmasters_row_outer_parent\">\n<div class=\"cmsmasters_row_outer\">\n<div class=\"cmsmasters_row_inner\">\n<div class=\"cmsmasters_row_margin\">\n<div id=\"cmsmasters_column_\" class=\"cmsmasters_column one_first\">\n<div class=\"cmsmasters_column_inner\">\n<div id=\"cmsmasters_divider_kbkg0vyjhl\" class=\"cl\"><\/div>\n<div class=\"cmsmasters_img  cmsmasters_image_n arrondi\"><img decoding=\"async\" src=\"https:\/\/www.bmsfrance.eu\/wp-content\/uploads\/2018\/06\/bandeau-newsletter-buses-all.jpg\" \/><\/div>\n<div id=\"cmsmasters_divider_j1ei5kkwt8\" class=\"cl\"><\/div>\n<\/div><\/div>\n<\/div>\n<\/div>\n<\/div>\n<\/div>\n<\/div>\n<div id=\"cmsmasters_row_uylovg2l0j\" class=\"cmsmasters_row cmsmasters_color_scheme_default cmsmasters_row_top_default cmsmasters_row_bot_default cmsmasters_row_boxed\">\n<div class=\"cmsmasters_row_outer_parent\">\n<div class=\"cmsmasters_row_outer\">\n<div class=\"cmsmasters_row_inner\">\n<div class=\"cmsmasters_row_margin\">\n<div id=\"cmsmasters_column_subjdusqhw\" class=\"cmsmasters_column one_first\">\n<div class=\"cmsmasters_column_inner\"><div class=\"cmsmasters_contact_form\">\n<div class=\"wpcf7 no-js\" id=\"wpcf7-f19775-o1\" lang=\"de-DE\" dir=\"ltr\" data-wpcf7-id=\"19775\">\n<div class=\"screen-reader-response\"><p role=\"status\" aria-live=\"polite\" aria-atomic=\"true\"><\/p> <ul><\/ul><\/div>\n<form action=\"\/de\/wp-json\/wp\/v2\/pages\/8664#wpcf7-f19775-o1\" method=\"post\" class=\"wpcf7-form init\" aria-label=\"Kontaktformular\" novalidate=\"novalidate\" data-status=\"init\">\n<fieldset class=\"hidden-fields-container\"><input type=\"hidden\" name=\"_wpcf7\" value=\"19775\" \/><input type=\"hidden\" name=\"_wpcf7_version\" value=\"6.1.4\" \/><input type=\"hidden\" name=\"_wpcf7_locale\" value=\"de_DE\" \/><input type=\"hidden\" name=\"_wpcf7_unit_tag\" value=\"wpcf7-f19775-o1\" \/><input type=\"hidden\" name=\"_wpcf7_container_post\" value=\"0\" \/><input type=\"hidden\" name=\"_wpcf7_posted_data_hash\" value=\"\" \/><input type=\"hidden\" name=\"_wpcf7_recaptcha_response\" value=\"\" \/>\n<\/fieldset>\n<div>\n\t<p><label> Email (notwendig)<br \/>\n<span class=\"wpcf7-form-control-wrap\" data-name=\"email\"><input size=\"40\" maxlength=\"400\" class=\"wpcf7-form-control wpcf7-email wpcf7-validates-as-required wpcf7-text wpcf7-validates-as-email\" aria-required=\"true\" aria-invalid=\"false\" value=\"\" type=\"email\" name=\"email\" \/><\/span> <\/label>\n\t<\/p>\n<\/div>\n<div>\n\t<div class=\"inline\">\n\t\t<p><label> Firma (notwendig)<br \/>\n<span class=\"wpcf7-form-control-wrap\" data-name=\"company\"><input size=\"40\" maxlength=\"400\" class=\"wpcf7-form-control wpcf7-text wpcf7-validates-as-required\" aria-required=\"true\" aria-invalid=\"false\" value=\"\" type=\"text\" name=\"company\" \/><\/span> <\/label>\n\t\t<\/p>\n\t<\/div>\n\t<div class=\"inline light\">\n\t\t<p><label> Nachname (notwendig)<br \/>\n<span class=\"wpcf7-form-control-wrap\" data-name=\"lastname\"><input size=\"40\" maxlength=\"400\" class=\"wpcf7-form-control wpcf7-text wpcf7-validates-as-required\" aria-required=\"true\" aria-invalid=\"false\" value=\"\" type=\"text\" name=\"lastname\" \/><\/span> <\/label>\n\t\t<\/p>\n\t<\/div>\n\t<div class=\"light inline\">\n\t\t<p><label> Vorname<br \/>\n<span class=\"wpcf7-form-control-wrap\" data-name=\"firstname\"><input size=\"40\" maxlength=\"400\" class=\"wpcf7-form-control wpcf7-text\" aria-invalid=\"false\" value=\"\" type=\"text\" name=\"firstname\" \/><\/span> <\/label>\n\t\t<\/p>\n\t<\/div>\n<\/div>\n<div>\n\t<div class=\"ultralight inline\">\n\t\t<p><label> Postleitzahl<br \/>\n<span class=\"wpcf7-form-control-wrap\" data-name=\"postalcode\"><input size=\"40\" maxlength=\"400\" class=\"wpcf7-form-control wpcf7-text\" aria-invalid=\"false\" value=\"\" type=\"text\" name=\"postalcode\" \/><\/span> <\/label>\n\t\t<\/p>\n\t<\/div>\n\t<div class=\"inline light\">\n\t\t<p><label> Stadt<br \/>\n<span class=\"wpcf7-form-control-wrap\" data-name=\"town\"><input size=\"40\" maxlength=\"400\" class=\"wpcf7-form-control wpcf7-text\" aria-invalid=\"false\" value=\"\" type=\"text\" name=\"town\" \/><\/span> <\/label>\n\t\t<\/p>\n\t<\/div>\n<\/div>\n<div>\n\t<p><span class=\"wpcf7-form-control-wrap\" data-name=\"accord\"><span class=\"wpcf7-form-control wpcf7-checkbox strong\"><span class=\"wpcf7-list-item first last\"><label><input type=\"checkbox\" name=\"accord[]\" value=\"Mit dem Absenden dieses Formulars erkl\u00e4re ich mich damit einverstanden, dass die in diesem Formular eingegebenen Informationen dazu verwendet werden, mich im Rahmen der Gesch\u00e4ftsbeziehung, die sich aus dieser Newsletter-Abonnementanfrage ergibt, erneut mit mir in Verbindung zu setzen und mir den Newsletter zuzusenden.\" \/><span class=\"wpcf7-list-item-label\">Mit dem Absenden dieses Formulars erkl\u00e4re ich mich damit einverstanden, dass die in diesem Formular eingegebenen Informationen dazu verwendet werden, mich im Rahmen der Gesch\u00e4ftsbeziehung, die sich aus dieser Newsletter-Abonnementanfrage ergibt, erneut mit mir in Verbindung zu setzen und mir den Newsletter zuzusenden.<\/span><\/label><\/span><\/span><\/span>\n\t<\/p>\n<\/div>\n<p><input class=\"wpcf7-form-control wpcf7-submit has-spinner\" type=\"submit\" value=\"Senden\" \/>\n<\/p><div class=\"wpcf7-response-output\" aria-hidden=\"true\"><\/div>\n<\/form>\n<\/div>\n<\/div><div class=\"cmsmasters_text\">\n<p><strong>In \u00dcbereinstimmung mit dem Datenschutzgesetz vom 6. Januar 1978 haben Sie ein Recht auf Zugang, Berichtigung und L\u00f6schung von Informationen \u00fcber Sie.<\/strong><\/p>\n<p>BMS France | 53 route des Contamines, 74370 Argonay | Tel : +33(0)4.50.27.29.00 | Fax : +33(0)4.50.27.38.22 | Mail : info(at)bmsfrance.eu<\/p>\n<\/div>\n<\/div><\/div>\n<\/div>\n<\/div>\n<\/div>\n<\/div>\n<\/div>\n\n","protected":false},"excerpt":{"rendered":"","protected":false},"author":1,"featured_media":0,"parent":0,"menu_order":12,"comment_status":"closed","ping_status":"closed","template":"","meta":{"footnotes":""},"yst_prominent_words":[4663],"class_list":["post-8664","page","type-page","status-publish","hentry"],"_links":{"self":[{"href":"https:\/\/www.bmsfrance.eu\/de\/wp-json\/wp\/v2\/pages\/8664","targetHints":{"allow":["GET"]}}],"collection":[{"href":"https:\/\/www.bmsfrance.eu\/de\/wp-json\/wp\/v2\/pages"}],"about":[{"href":"https:\/\/www.bmsfrance.eu\/de\/wp-json\/wp\/v2\/types\/page"}],"author":[{"embeddable":true,"href":"https:\/\/www.bmsfrance.eu\/de\/wp-json\/wp\/v2\/users\/1"}],"replies":[{"embeddable":true,"href":"https:\/\/www.bmsfrance.eu\/de\/wp-json\/wp\/v2\/comments?post=8664"}],"version-history":[{"count":3,"href":"https:\/\/www.bmsfrance.eu\/de\/wp-json\/wp\/v2\/pages\/8664\/revisions"}],"predecessor-version":[{"id":19850,"href":"https:\/\/www.bmsfrance.eu\/de\/wp-json\/wp\/v2\/pages\/8664\/revisions\/19850"}],"wp:attachment":[{"href":"https:\/\/www.bmsfrance.eu\/de\/wp-json\/wp\/v2\/media?parent=8664"}],"wp:term":[{"taxonomy":"yst_prominent_words","embeddable":true,"href":"https:\/\/www.bmsfrance.eu\/de\/wp-json\/wp\/v2\/yst_prominent_words?post=8664"}],"curies":[{"name":"wp","href":"https:\/\/api.w.org\/{rel}","templated":true}]}}