{"id":6241,"date":"2018-04-24T15:57:41","date_gmt":"2018-04-24T13:57:41","guid":{"rendered":"http:\/\/192.168.100.188:8888\/wordpress\/?page_id=6241"},"modified":"2020-01-06T10:22:28","modified_gmt":"2020-01-06T09:22:28","slug":"consult-e-catalogs","status":"publish","type":"page","link":"https:\/\/www.bmsfrance.eu\/en\/consult-e-catalogs\/","title":{"rendered":"Consult the e-catalogs"},"content":{"rendered":"<div id=\"cmsmasters_row_\" class=\"cmsmasters_row cmsmasters_color_scheme_default cmsmasters_row_top_default cmsmasters_row_bot_default cmsmasters_row_boxed\">\n<div class=\"cmsmasters_row_outer_parent\">\n<div class=\"cmsmasters_row_outer\">\n<div class=\"cmsmasters_row_inner\">\n<div class=\"cmsmasters_row_margin\">\n<div id=\"cmsmasters_column_\" class=\"cmsmasters_column one_first\">\n<div class=\"cmsmasters_column_inner\"><div class=\"cmsmasters_text\">\n<\/div>\n<\/div><\/div>\n<\/div>\n<\/div>\n<\/div>\n<\/div>\n<\/div>\n<div id=\"cmsmasters_row_6i5w3t6r3m\" class=\"cmsmasters_row cmsmasters_color_scheme_default cmsmasters_row_top_default cmsmasters_row_bot_default cmsmasters_row_boxed\">\n<div class=\"cmsmasters_row_outer_parent\">\n<div class=\"cmsmasters_row_outer\">\n<div class=\"cmsmasters_row_inner\">\n<div class=\"cmsmasters_row_margin\">\n<div id=\"cmsmasters_column_0az51h5cra\" class=\"cmsmasters_column one_first\">\n<div class=\"cmsmasters_column_inner\"><div id=\"cmsmasters_heading_30royiwev\" class=\"cmsmasters_heading_wrap cmsmasters_heading_align_left\">\n\t<h2 class=\"cmsmasters_heading\">Industrial Supplies for the Plastics Industry<\/h2>\n<\/div><div class=\"cmsmasters_text\">\n<p>BMS France\u2019s activities are all centred around the plastics industry.<br \/>\nConsult our catalogue online and don\u2019t hesitate to contact us for further information.<\/p>\n<\/div>\n<\/div><\/div>\n<\/div>\n<\/div>\n<\/div>\n<\/div>\n<\/div>\n<div id=\"cmsmasters_row_\" class=\"cmsmasters_row cmsmasters_color_scheme_default cmsmasters_row_top_default cmsmasters_row_bot_default cmsmasters_row_boxed\">\n<div class=\"cmsmasters_row_outer_parent\">\n<div class=\"cmsmasters_row_outer\">\n<div class=\"cmsmasters_row_inner\">\n<div class=\"cmsmasters_row_margin\">\n<div id=\"cmsmasters_column_\" class=\"cmsmasters_column one_first\">\n<div class=\"cmsmasters_column_inner\"><div class=\"cmsmasters_text\">\n<\/div>\n<\/div><\/div>\n<\/div>\n<\/div>\n<\/div>\n<\/div>\n<\/div>\n<div id=\"cmsmasters_row_\" class=\"cmsmasters_row cmsmasters_color_scheme_default cmsmasters_row_top_default cmsmasters_row_bot_default cmsmasters_row_boxed\">\n<div class=\"cmsmasters_row_outer_parent\">\n<div class=\"cmsmasters_row_outer\">\n<div class=\"cmsmasters_row_inner\">\n<div class=\"cmsmasters_row_margin\">\n<div id=\"cmsmasters_column_\" class=\"cmsmasters_column one_first\">\n<div class=\"cmsmasters_column_inner\"><div id=\"cmsmasters_heading_lnb2xmorol\" class=\"cmsmasters_heading_wrap cmsmasters_heading_align_left\">\n\t<h2 class=\"cmsmasters_heading\">Catalogs<\/h2>\n<\/div><div class=\"cmsmasters_text\">\n<p>Consult our entire range with BMS, Pr\u00e9hension and B\u00e9w\u00e9plast catalogs<\/p>\n<\/div>\n<\/div><\/div>\n<\/div>\n<\/div>\n<\/div>\n<\/div>\n<\/div>\n<div id=\"cmsmasters_row_jdegye297f\" class=\"cmsmasters_row cmsmasters_color_scheme_default cmsmasters_row_top_default cmsmasters_row_bot_default cmsmasters_row_boxed\">\n<div class=\"cmsmasters_row_outer_parent\">\n<div class=\"cmsmasters_row_outer\">\n<div class=\"cmsmasters_row_inner\">\n<div class=\"cmsmasters_row_margin\">\n<div id=\"cmsmasters_column_k3rolfyumn\" class=\"cmsmasters_column one_fourth\" data-animation=\"fadeIn\" data-delay=\"200\">\n<div class=\"cmsmasters_column_inner\"><div class=\"aligncenter\"><div class=\"cmsmasters_img  cmsmasters_image_c\"><a href=\"https:\/\/fr.calameo.com\/read\/00461515401d6292a13f9\" target=\"_blank\"><img decoding=\"async\" src=\"\" \/><\/a><\/div><\/div>\n<div id=\"cmsmasters_divider_gplkk1qfz\" class=\"cl\"><\/div>\n<div class=\"cmsmasters_text\">\n<p style=\"text-align: center;\">B23 | General Catalog<\/p>\n<\/div>\n<\/div><\/div>\n<div id=\"cmsmasters_column_qpw4tmg1f8\" class=\"cmsmasters_column one_fourth\" data-animation=\"fadeIn\" data-delay=\"400\">\n<div class=\"cmsmasters_column_inner\"><div class=\"aligncenter\"><div class=\"cmsmasters_img  cmsmasters_image_c\"><a href=\"https:\/\/fr.calameo.com\/read\/004615154ded612715f9b\" target=\"_blank\"><img decoding=\"async\" src=\"\" \/><\/a><\/div><\/div>\n<div id=\"cmsmasters_divider_ut8add7qni\" class=\"cl\"><\/div>\n<div class=\"cmsmasters_text\">\n<p style=\"text-align: center;\">End of arm tooling catalog<\/p>\n<\/div>\n<\/div><\/div>\n<div id=\"cmsmasters_column_59ch1fxkkt\" class=\"cmsmasters_column one_fourth\" data-animation=\"fadeIn\" data-delay=\"600\">\n<div class=\"cmsmasters_column_inner\"><div class=\"aligncenter\"><div class=\"cmsmasters_img  cmsmasters_image_c\"><a href=\"https:\/\/fr.calameo.com\/read\/004615154b08fb71768c1\" target=\"_blank\"><img decoding=\"async\" src=\"\" \/><\/a><\/div><\/div>\n<div id=\"cmsmasters_divider_jtv3sq6xh\" class=\"cl\"><\/div>\n<div class=\"cmsmasters_text\">\n<p style=\"text-align: center;\">#52 | General B\u00e9w\u00e9plast catalog<\/p>\n<p style=\"text-align: center;\">(Translation coming soon)<\/p>\n<\/div>\n<\/div><\/div>\n<div id=\"cmsmasters_column_8l1hrzzvu\" class=\"cmsmasters_column one_fourth\" data-animation=\"fadeIn\" data-delay=\"800\">\n<div class=\"cmsmasters_column_inner\"><div class=\"aligncenter\"><div class=\"cmsmasters_img  cmsmasters_image_c\"><a href=\"https:\/\/fr.calameo.com\/read\/00461515439cb18c157f9\" target=\"_blank\"><img decoding=\"async\" src=\"\" \/><\/a><\/div><\/div>\n<div id=\"cmsmasters_divider_p57z2oyxz\" class=\"cl\"><\/div>\n<div class=\"cmsmasters_text\">\n<p style=\"text-align: center;\">Nozzle \u2013 Screws \u2013 Barrels<\/p>\n<\/div>\n<\/div><\/div>\n<\/div>\n<\/div>\n<\/div>\n<\/div>\n<\/div>\n<div id=\"cmsmasters_row_1adkr71u56\" class=\"cmsmasters_row cmsmasters_color_scheme_default cmsmasters_row_top_default cmsmasters_row_bot_default cmsmasters_row_boxed\">\n<div class=\"cmsmasters_row_outer_parent\">\n<div class=\"cmsmasters_row_outer\">\n<div class=\"cmsmasters_row_inner\">\n<div class=\"cmsmasters_row_margin\">\n<div id=\"cmsmasters_column_x8ana3mtu8\" class=\"cmsmasters_column one_first\">\n<div class=\"cmsmasters_column_inner\"><div id=\"cmsmasters_heading_7e1996wbvd\" class=\"cmsmasters_heading_wrap cmsmasters_heading_align_left\">\n\t<h2 class=\"cmsmasters_heading\">Booklet<\/h2>\n<\/div><div class=\"cmsmasters_text\">\n<p>Need a zoom on a range of products? Then consult our detailed booklets!<\/p>\n<\/div>\n<\/div><\/div>\n<\/div>\n<\/div>\n<\/div>\n<\/div>\n<\/div>\n<div id=\"cmsmasters_row_o5sdjxlrtq\" class=\"cmsmasters_row cmsmasters_color_scheme_default cmsmasters_row_top_default cmsmasters_row_bot_default cmsmasters_row_boxed\">\n<div class=\"cmsmasters_row_outer_parent\">\n<div class=\"cmsmasters_row_outer\">\n<div class=\"cmsmasters_row_inner\">\n<div class=\"cmsmasters_row_margin\">\n<div id=\"cmsmasters_column_z0i7nj26ie\" class=\"cmsmasters_column one_fourth\" data-animation=\"fadeIn\" data-delay=\"200\">\n<div class=\"cmsmasters_column_inner\"><div class=\"aligncenter\"><div class=\"cmsmasters_img  cmsmasters_image_c\"><img decoding=\"async\" src=\"https:\/\/www.bmsfrance.eu\/wp-content\/uploads\/2019\/10\/couv-brides-surpuissantes-EN-212x300.jpg\" \/><\/div><\/div>\n<div id=\"cmsmasters_divider_j34dwwstv9\" class=\"cl\"><\/div>\n<div class=\"cmsmasters_text\">\n<p style=\"text-align: center;\">Powerful bridles<\/p>\n<\/div>\n<\/div><\/div>\n<div id=\"cmsmasters_column_c1pa7ovnq4\" class=\"cmsmasters_column one_fourth\" data-animation=\"fadeIn\" data-delay=\"400\">\n<div class=\"cmsmasters_column_inner\"><div class=\"aligncenter\"><div class=\"cmsmasters_img  cmsmasters_image_c\"><img decoding=\"async\" src=\"https:\/\/www.bmsfrance.eu\/wp-content\/uploads\/2019\/10\/couv-prodoptim-EN-212x300.jpg\" \/><\/div><\/div>\n<div id=\"cmsmasters_divider_5z3y07t8qr\" class=\"cl\"><\/div>\n<div class=\"cmsmasters_text\">\n<p style=\"text-align: center;\">PRODOPTIM | Slide moving table to open moulds<\/p>\n<\/div>\n<\/div><\/div>\n<div id=\"cmsmasters_column_8rg2gm8ild\" class=\"cmsmasters_column one_fourth\" data-animation=\"fadeIn\" data-delay=\"600\">\n<div class=\"cmsmasters_column_inner\"><div class=\"aligncenter\"><div class=\"cmsmasters_img  cmsmasters_image_c\"><a href=\"https:\/\/fr.calameo.com\/read\/00461515490364ea89f8e\" target=\"_blank\"><img decoding=\"async\" src=\"\" \/><\/a><\/div><\/div>\n<div id=\"cmsmasters_divider_7tagkss97v\" class=\"cl\"><\/div>\n<div class=\"cmsmasters_text\">\n<p style=\"text-align: center;\">Pneumatic fittings<\/p>\n<\/div>\n<\/div><\/div>\n<div id=\"cmsmasters_column_4e1vba4ktn\" class=\"cmsmasters_column one_fourth\" data-animation=\"fadeIn\" data-delay=\"800\">\n<div class=\"cmsmasters_column_inner\"><div class=\"aligncenter\"><div class=\"cmsmasters_img  cmsmasters_image_c\"><a href=\"https:\/\/fr.calameo.com\/read\/004615154cca978692e8b\" target=\"_blank\"><img decoding=\"async\" src=\"\" \/><\/a><\/div><\/div>\n<div id=\"cmsmasters_divider_ys80swbtu8\" class=\"cl\"><\/div>\n<div class=\"cmsmasters_text\">\n<p style=\"text-align: center;\">LA500 | Material leak detector<\/p>\n<\/div>\n<\/div><\/div>\n<\/div>\n<\/div>\n<\/div>\n<\/div>\n<\/div>\n<div id=\"cmsmasters_row_9f6kwzar1a\" class=\"cmsmasters_row cmsmasters_color_scheme_default cmsmasters_row_top_default cmsmasters_row_bot_default cmsmasters_row_boxed\">\n<div class=\"cmsmasters_row_outer_parent\">\n<div class=\"cmsmasters_row_outer\">\n<div class=\"cmsmasters_row_inner\">\n<div class=\"cmsmasters_row_margin\">\n<div id=\"cmsmasters_column_ohh4o1t3u\" class=\"cmsmasters_column one_fourth\" data-animation=\"fadeIn\" data-delay=\"800\">\n<div class=\"cmsmasters_column_inner\"><div class=\"aligncenter\"><div class=\"cmsmasters_img  cmsmasters_image_c\"><a href=\"https:\/\/fr.calameo.com\/read\/0046151544484aff5c6ae\" target=\"_blank\"><img decoding=\"async\" src=\"\" \/><\/a><\/div><\/div>\n<div id=\"cmsmasters_divider_j9pa8nrvgs\" class=\"cl\"><\/div>\n<div class=\"cmsmasters_text\">\n<p style=\"text-align: center;\">Daters<\/p>\n<p style=\"text-align: center;\">(Translation coming soon)<\/p>\n<\/div>\n<\/div><\/div>\n<div id=\"cmsmasters_column_lxsse1jtzj\" class=\"cmsmasters_column one_fourth\" data-animation=\"fadeIn\" data-delay=\"600\">\n<div class=\"cmsmasters_column_inner\"><div class=\"aligncenter\"><div class=\"cmsmasters_img  cmsmasters_image_c\"><a href=\"https:\/\/fr.calameo.com\/read\/004615154a9255c867cce\" target=\"_blank\"><img decoding=\"async\" src=\"\" \/><\/a><\/div><\/div>\n<div id=\"cmsmasters_divider_oxao6nv9bd\" class=\"cl\"><\/div>\n<div class=\"cmsmasters_text\">\n<p style=\"text-align: center;\">Sensor and measurement technologies<\/p>\n<p style=\"text-align: center;\">(Translation coming soon)<\/p>\n<\/div>\n<\/div><\/div>\n<div id=\"cmsmasters_column_95k281l15n\" class=\"cmsmasters_column one_fourth\" data-animation=\"fadeIn\" data-delay=\"400\">\n<div class=\"cmsmasters_column_inner\"><div class=\"aligncenter\"><div class=\"cmsmasters_img  cmsmasters_image_c\"><a href=\"https:\/\/fr.calameo.com\/read\/0046151548f9fcc0ed7ae\" target=\"_blank\"><img decoding=\"async\" src=\"\" \/><\/a><\/div><\/div>\n<div id=\"cmsmasters_divider_3pkhtvttwv\" class=\"cl\"><\/div>\n<div class=\"cmsmasters_text\">\n<p style=\"text-align: center;\">Conveyor belt<\/p>\n<p style=\"text-align: center;\">(Translation\u00a0coming soon)<\/p>\n<\/div>\n<\/div><\/div>\n<div id=\"cmsmasters_column_127z9rudhj\" class=\"cmsmasters_column one_fourth\" data-animation=\"fadeIn\" data-delay=\"200\">\n<div class=\"cmsmasters_column_inner\"><div class=\"aligncenter\"><div class=\"cmsmasters_img  cmsmasters_image_c\"><a href=\"https:\/\/fr.calameo.com\/read\/0046151542288eb63f9e5\" target=\"_blank\"><img decoding=\"async\" src=\"\" \/><\/a><\/div><\/div>\n<div id=\"cmsmasters_divider_dxsegoni3o\" class=\"cl\"><\/div>\n<div class=\"cmsmasters_text\">\n<p style=\"text-align: center;\">Screws and sleeves<\/p>\n<p style=\"text-align: center;\">(Translation coming soon)<\/p>\n<\/div>\n<\/div><\/div>\n<\/div>\n<\/div>\n<\/div>\n<\/div>\n<\/div>\n<div id=\"cmsmasters_row_vnlgk3eabb\" class=\"cmsmasters_row cmsmasters_color_scheme_default cmsmasters_row_top_default cmsmasters_row_bot_default cmsmasters_row_boxed\">\n<div class=\"cmsmasters_row_outer_parent\">\n<div class=\"cmsmasters_row_outer\">\n<div class=\"cmsmasters_row_inner\">\n<div class=\"cmsmasters_row_margin\">\n<div id=\"cmsmasters_column_xvgjtlexq8\" class=\"cmsmasters_column one_fourth\" data-animation=\"fadeIn\" data-delay=\"200\">\n<div class=\"cmsmasters_column_inner\"><div class=\"aligncenter\"><div class=\"cmsmasters_img  cmsmasters_image_c\"><a href=\"https:\/\/www.calameo.com\/read\/004615154759884bd2856\" target=\"_blank\"><img decoding=\"async\" src=\"\" \/><\/a><\/div><\/div>\n<div id=\"cmsmasters_divider_h4unbawsv7\" class=\"cl\"><\/div>\n<div class=\"cmsmasters_text\">\n<p style=\"text-align: center;\">Industrial connectors<\/p>\n<p style=\"text-align: center;\">(Translation coming soon)<\/p>\n<\/div>\n<\/div><\/div>\n<div id=\"cmsmasters_column_lk198nfmlk\" class=\"cmsmasters_column one_fourth\" data-animation=\"fadeIn\" data-delay=\"400\">\n<div class=\"cmsmasters_column_inner\"><\/div><\/div>\n<div id=\"cmsmasters_column_zxj3yw1epl\" class=\"cmsmasters_column one_fourth\" data-animation=\"fadeIn\" data-delay=\"800\">\n<div class=\"cmsmasters_column_inner\"><\/div><\/div>\n<div id=\"cmsmasters_column_09gis88zmi\" class=\"cmsmasters_column one_fourth\" data-animation=\"fadeIn\" data-delay=\"200\">\n<div class=\"cmsmasters_column_inner\"><\/div><\/div>\n<\/div>\n<\/div>\n<\/div>\n<\/div>\n<\/div>\n\n","protected":false},"excerpt":{"rendered":"","protected":false},"author":1,"featured_media":0,"parent":0,"menu_order":7,"comment_status":"closed","ping_status":"closed","template":"","meta":{"footnotes":""},"yst_prominent_words":[4731,4431,4734,4729,4723,4732,4725,4736,4735,4739,4733,4738,4727,4730,4737,4726,4724,4728,4722,4721],"class_list":["post-6241","page","type-page","status-publish","hentry"],"_links":{"self":[{"href":"https:\/\/www.bmsfrance.eu\/en\/wp-json\/wp\/v2\/pages\/6241","targetHints":{"allow":["GET"]}}],"collection":[{"href":"https:\/\/www.bmsfrance.eu\/en\/wp-json\/wp\/v2\/pages"}],"about":[{"href":"https:\/\/www.bmsfrance.eu\/en\/wp-json\/wp\/v2\/types\/page"}],"author":[{"embeddable":true,"href":"https:\/\/www.bmsfrance.eu\/en\/wp-json\/wp\/v2\/users\/1"}],"replies":[{"embeddable":true,"href":"https:\/\/www.bmsfrance.eu\/en\/wp-json\/wp\/v2\/comments?post=6241"}],"version-history":[{"count":11,"href":"https:\/\/www.bmsfrance.eu\/en\/wp-json\/wp\/v2\/pages\/6241\/revisions"}],"predecessor-version":[{"id":19838,"href":"https:\/\/www.bmsfrance.eu\/en\/wp-json\/wp\/v2\/pages\/6241\/revisions\/19838"}],"wp:attachment":[{"href":"https:\/\/www.bmsfrance.eu\/en\/wp-json\/wp\/v2\/media?parent=6241"}],"wp:term":[{"taxonomy":"yst_prominent_words","embeddable":true,"href":"https:\/\/www.bmsfrance.eu\/en\/wp-json\/wp\/v2\/yst_prominent_words?post=6241"}],"curies":[{"name":"wp","href":"https:\/\/api.w.org\/{rel}","templated":true}]}}