{"id":22571,"date":"2022-05-05T11:15:57","date_gmt":"2022-05-05T09:15:57","guid":{"rendered":"https:\/\/www.bmsfrance.eu\/?page_id=22571"},"modified":"2022-09-30T09:50:21","modified_gmt":"2022-09-30T07:50:21","slug":"politica-de-cookies","status":"publish","type":"page","link":"https:\/\/www.bmsfrance.eu\/es\/politica-de-cookies\/","title":{"rendered":"Pol\u00edtica de cookies"},"content":{"rendered":"<div id=\"cmsmasters_row_ys3gmwzbjo\" class=\"cmsmasters_row cmsmasters_color_scheme_default cmsmasters_row_top_default cmsmasters_row_bot_default cmsmasters_row_boxed\">\n<div class=\"cmsmasters_row_outer_parent\">\n<div class=\"cmsmasters_row_outer\">\n<div class=\"cmsmasters_row_inner\">\n<div class=\"cmsmasters_row_margin\">\n<div id=\"cmsmasters_column_6na0yguqzt\" class=\"cmsmasters_column one_third\">\n<div class=\"cmsmasters_column_inner\"><div class=\"cmsmasters_img  cmsmasters_image_n\"><img decoding=\"async\" src=\"https:\/\/www.bmsfrance.eu\/wp-content\/uploads\/2022\/05\/Capture-decran-2022-05-05-a-11.41.58.png\" \/><\/div>\n<\/div><\/div>\n<div id=\"cmsmasters_column_tj0uftqm7\" class=\"cmsmasters_column two_third\">\n<div class=\"cmsmasters_column_inner\"><div class=\"cmsmasters_text\">\n<p><\/p>\n<\/div>\n<div class=\"cmsmasters_toggles toggles_mode_toggle\">\n<div class=\"cmsmasters_toggle_wrap\" data-tags=\"all \">\n<div class=\"cmsmasters_toggle_title\">\n<span class=\"cmsmasters_toggle_plus\">\n<span class=\"cmsmasters_toggle_plus_hor\"><\/span>\n<span class=\"cmsmasters_toggle_plus_vert\"><\/span>\n<\/span>\n<a href=\"#\">\u00bfQu\u00e9 son las cookies?<\/a>\n<\/div>\n<div class=\"cmsmasters_toggle\">\n<div class=\"cmsmasters_toggle_inner\">\n<p>Una \u00abcookie\u00bb o trazador es un archivo electr\u00f3nico que se deposita en un terminal (ordenador, tableta, smartphone, etc.) y que se lee, por ejemplo, al consultar un sitio web, leer un correo electr\u00f3nico, instalar o utilizar un software o una aplicaci\u00f3n m\u00f3vil, independientemente del tipo de terminal utilizado (fuente: https:\/\/www.cnil.fr\/fr\/cookies-traceurs-que-dit-la-loi).<\/p>\n<p>Al navegar por este sitio, pueden depositarse en su terminal \u00abcookies\u00bb de la empresa responsable del sitio en cuesti\u00f3n y\/o de terceras empresas.<\/p>\n<p>La primera vez que navegue por este sitio, aparecer\u00e1 un banner explicando el uso de \u00abcookies\u00bb. A partir de ese momento, al continuar la navegaci\u00f3n, el cliente y\/o prospecto se considerar\u00e1 informado y aceptar\u00e1 el uso de dichas \u00abcookies\u00bb. El consentimiento dado ser\u00e1 v\u00e1lido por un per\u00edodo de trece (13) meses. El usuario tiene la posibilidad de desactivar las cookies desde la configuraci\u00f3n de su navegador.<\/p>\n<p>Toda la informaci\u00f3n recopilada se utilizar\u00e1 \u00fanicamente para controlar el volumen, el tipo y el patr\u00f3n de tr\u00e1fico que utiliza este sitio, para desarrollar el dise\u00f1o y la disposici\u00f3n del sitio y para otros fines administrativos y de planificaci\u00f3n y, en general, para mejorar el servicio que le ofrecemos.<\/p>\n<\/div>\n<\/div>\n<\/div><div class=\"cmsmasters_toggle_wrap\" data-tags=\"all \">\n<div class=\"cmsmasters_toggle_title\">\n<span class=\"cmsmasters_toggle_plus\">\n<span class=\"cmsmasters_toggle_plus_hor\"><\/span>\n<span class=\"cmsmasters_toggle_plus_vert\"><\/span>\n<\/span>\n<a href=\"#\">\u00bfPor qu\u00e9 BMS utiliza cookies?<\/a>\n<\/div>\n<div class=\"cmsmasters_toggle\">\n<div class=\"cmsmasters_toggle_inner\">\n<\/div>\n<\/div>\n<\/div><div class=\"cmsmasters_toggle_wrap\" data-tags=\"all \">\n<div class=\"cmsmasters_toggle_title\">\n<span class=\"cmsmasters_toggle_plus\">\n<span class=\"cmsmasters_toggle_plus_hor\"><\/span>\n<span class=\"cmsmasters_toggle_plus_vert\"><\/span>\n<\/span>\n<a href=\"#\">\u00bfQu\u00e9 tipo de cookies o trackers utiliza BMS?<\/a>\n<\/div>\n<div class=\"cmsmasters_toggle\">\n<div class=\"cmsmasters_toggle_inner\">\n<h3>Cookies de Google :<\/h3>\n<p>&#8211; Google analytics : permite medir la audiencia del sitio web;<br \/>\n&#8211; Google tag manager: facilita la implementaci\u00f3n de etiquetas en las p\u00e1ginas y permite gestionar las etiquetas de Google;<br \/>\n&#8211; Google Adsense: Red publicitaria de Google que utiliza sitios web o v\u00eddeos de YouTube como soporte de sus anuncios;<br \/>\n&#8211; Google Dynamic Remarketing: permite ofrecerle publicidad din\u00e1mica basada en b\u00fasquedas anteriores;<br \/>\n&#8211; Google Adwords Conversion: una herramienta para el seguimiento de las campa\u00f1as publicitarias de adwords;<br \/>\n&#8211; DoubleClick: cookies de publicidad de Google para mostrar banners.<br \/>\nLa vida \u00fatil de estas galletas es de trece meses.<\/p>\n<h3>Las cookies de WordPress :<\/h3>\n<p>Si va a la p\u00e1gina de inicio de sesi\u00f3n, se crear\u00e1 una cookie temporal para determinar si su navegador acepta cookies. No contiene ning\u00fan dato personal y se eliminar\u00e1 autom\u00e1ticamente al cerrar el navegador.<br \/>\nAl iniciar la sesi\u00f3n, estableceremos una serie de cookies para almacenar su informaci\u00f3n de inicio de sesi\u00f3n y sus preferencias de pantalla. La vida de una cookie de inicio de sesi\u00f3n es de dos d\u00edas, la vida de una cookie de opci\u00f3n de pantalla es de un a\u00f1o. Si marca la opci\u00f3n \u00abRecordarme\u00bb, su cookie de inicio de sesi\u00f3n se conservar\u00e1 durante quince d\u00edas. Si cierra la sesi\u00f3n de su cuenta, la cookie de inicio de sesi\u00f3n se eliminar\u00e1.<br \/>\nAl editar o publicar una entrada, se almacenar\u00e1 una cookie adicional en su navegador. Esta cookie no contiene ning\u00fan dato personal. Simplemente indica el ID de la publicaci\u00f3n que acaba de editar. Caduca al cabo de un d\u00eda.<\/p>\n<h3>Contenido incrustado de otros sitios<\/h3>\n<p>Los art\u00edculos de este sitio pueden incluir contenido incrustado (por ejemplo, v\u00eddeos, im\u00e1genes, art\u00edculos). El contenido incrustado de otros sitios se comporta de la misma manera que si el visitante estuviera en ese otro sitio.<br \/>\nEstos sitios web pueden recopilar datos sobre usted, utilizar cookies, incrustar herramientas de seguimiento de terceros y rastrear sus interacciones con el contenido incrustado si tiene una cuenta en su sitio web.<br \/>\nPara m\u00e1s informaci\u00f3n sobre el uso, gesti\u00f3n y eliminaci\u00f3n de \u00abcookies\u00bb, para todo tipo de navegadores, le invitamos a consultar el siguiente enlace: https:\/\/www.cnil.fr\/fr\/cookies-les-outils-pour-les-maitriser.<\/p>\n<\/div>\n<\/div>\n<\/div><div class=\"cmsmasters_toggle_wrap\" data-tags=\"all \">\n<div class=\"cmsmasters_toggle_title\">\n<span class=\"cmsmasters_toggle_plus\">\n<span class=\"cmsmasters_toggle_plus_hor\"><\/span>\n<span class=\"cmsmasters_toggle_plus_vert\"><\/span>\n<\/span>\n<a href=\"#\">\u00bfC\u00f3mo le informa BMS sobre las cookies que utiliza?<\/a>\n<\/div>\n<div class=\"cmsmasters_toggle\">\n<div class=\"cmsmasters_toggle_inner\">\n<p>La primera vez que visita nuestro sitio, un banner le informa de la presencia de cookies y le invita a indicar su elecci\u00f3n. Salvo las cookies estrictamente necesarias y las exentas de consentimiento que se activan por defecto, las cookies s\u00f3lo se depositan si usted las acepta.<\/p>\n<\/div>\n<\/div>\n<\/div><div class=\"cmsmasters_toggle_wrap\" data-tags=\"all \">\n<div class=\"cmsmasters_toggle_title\">\n<span class=\"cmsmasters_toggle_plus\">\n<span class=\"cmsmasters_toggle_plus_hor\"><\/span>\n<span class=\"cmsmasters_toggle_plus_vert\"><\/span>\n<\/span>\n<a href=\"#\">\u00bfC\u00f3mo puedo configurar las cookies en el sitio web de BMS?<\/a>\n<\/div>\n<div class=\"cmsmasters_toggle\">\n<div class=\"cmsmasters_toggle_inner\">\n<p><\/p>\n<\/div>\n<\/div>\n<\/div><div class=\"cmsmasters_toggle_wrap\" data-tags=\"all \">\n<div class=\"cmsmasters_toggle_title\">\n<span class=\"cmsmasters_toggle_plus\">\n<span class=\"cmsmasters_toggle_plus_hor\"><\/span>\n<span class=\"cmsmasters_toggle_plus_vert\"><\/span>\n<\/span>\n<a href=\"#\">\u00bfAlguna pregunta?<\/a>\n<\/div>\n<div class=\"cmsmasters_toggle\">\n<div class=\"cmsmasters_toggle_inner\">\n<p>Para m\u00e1s informaci\u00f3n, p\u00f3ngase en contacto con nosotros :<br \/>\nPor correo electr\u00f3nico en la siguiente direcci\u00f3n : bms@bmsespana.eu<br \/>\nPor correo a la siguiente direcci\u00f3n :<\/p>\n<p>BUSINESS MOULDING SUPPLIES, S.L.<\/p>\n<p>Parque tecnol\u00f3gico del Vall\u00e9s<br \/>\nCalle Paletes no. 8, Edificio B<br \/>\n08290 Cerdanyola de Vall\u00e8s Barcelona<\/p>\n<\/div>\n<\/div>\n<\/div><\/div>\n<\/div><\/div>\n<\/div>\n<\/div>\n<\/div>\n<\/div>\n<\/div>\n\n","protected":false},"excerpt":{"rendered":"","protected":false},"author":5,"featured_media":0,"parent":0,"menu_order":0,"comment_status":"closed","ping_status":"closed","template":"","meta":{"footnotes":""},"yst_prominent_words":[4876],"class_list":["post-22571","page","type-page","status-publish","hentry"],"_links":{"self":[{"href":"https:\/\/www.bmsfrance.eu\/es\/wp-json\/wp\/v2\/pages\/22571","targetHints":{"allow":["GET"]}}],"collection":[{"href":"https:\/\/www.bmsfrance.eu\/es\/wp-json\/wp\/v2\/pages"}],"about":[{"href":"https:\/\/www.bmsfrance.eu\/es\/wp-json\/wp\/v2\/types\/page"}],"author":[{"embeddable":true,"href":"https:\/\/www.bmsfrance.eu\/es\/wp-json\/wp\/v2\/users\/5"}],"replies":[{"embeddable":true,"href":"https:\/\/www.bmsfrance.eu\/es\/wp-json\/wp\/v2\/comments?post=22571"}],"version-history":[{"count":13,"href":"https:\/\/www.bmsfrance.eu\/es\/wp-json\/wp\/v2\/pages\/22571\/revisions"}],"predecessor-version":[{"id":23083,"href":"https:\/\/www.bmsfrance.eu\/es\/wp-json\/wp\/v2\/pages\/22571\/revisions\/23083"}],"wp:attachment":[{"href":"https:\/\/www.bmsfrance.eu\/es\/wp-json\/wp\/v2\/media?parent=22571"}],"wp:term":[{"taxonomy":"yst_prominent_words","embeddable":true,"href":"https:\/\/www.bmsfrance.eu\/es\/wp-json\/wp\/v2\/yst_prominent_words?post=22571"}],"curies":[{"name":"wp","href":"https:\/\/api.w.org\/{rel}","templated":true}]}}