{"id":22588,"date":"2022-05-05T11:57:07","date_gmt":"2022-05-05T09:57:07","guid":{"rendered":"https:\/\/www.bmsfrance.eu\/?page_id=22588"},"modified":"2022-09-30T09:35:05","modified_gmt":"2022-09-30T07:35:05","slug":"aviso-legal","status":"publish","type":"page","link":"https:\/\/www.bmsfrance.eu\/es\/aviso-legal\/","title":{"rendered":"Aviso legal"},"content":{"rendered":"<div id=\"cmsmasters_row_qrz15mqu5b\" class=\"cmsmasters_row cmsmasters_color_scheme_default cmsmasters_row_top_default cmsmasters_row_bot_default cmsmasters_row_boxed\">\n<div class=\"cmsmasters_row_outer_parent\">\n<div class=\"cmsmasters_row_outer\">\n<div class=\"cmsmasters_row_inner\">\n<div class=\"cmsmasters_row_margin\">\n<div id=\"cmsmasters_column_tuc3aimbr\" class=\"cmsmasters_column one_first\">\n<div class=\"cmsmasters_column_inner\"><div class=\"cmsmasters_text\">\n<p><b>AVISO LEGAL<span class=\"Apple-converted-space\">\u00a0<\/span><\/b><\/p>\n<p><b>INTRODUCCI\u00d3N<span class=\"Apple-converted-space\">\u00a0<\/span><\/b><\/p>\n<p>En cumplimiento de la Ley 34\/2002, de 11 de julio, de Servicios de la Sociedad de la Informaci\u00f3n y de Comercio Electr\u00f3nico (LSSI-CE), BUSINESS MOULDING SUPPLIES SL informa que es titular del sitio web. De acuerdo con la exigencia del art\u00edculo 10 de la citada Ley, BUSINESS MOULDING SUPPLIES SL informa de los siguientes datos:<span class=\"Apple-converted-space\">\u00a0<\/span><\/p>\n<table cellspacing=\"0\" cellpadding=\"0\">\n<tbody>\n<tr>\n<td valign=\"top\"><b>RAZ\u00d3N SOCIAL<span class=\"Apple-converted-space\">\u00a0<\/span><\/b><\/td>\n<td valign=\"top\">BUSINESS MOULDING SUPPLIES SL<span class=\"Apple-converted-space\">\u00a0<\/span><\/td>\n<\/tr>\n<tr>\n<td valign=\"top\"><b>NIF<span class=\"Apple-converted-space\">\u00a0<\/span><\/b><\/td>\n<td valign=\"top\">B64465560<span class=\"Apple-converted-space\">\u00a0<\/span><\/td>\n<\/tr>\n<tr>\n<td valign=\"top\"><b>DIRECCI\u00d3N POSTAL<span class=\"Apple-converted-space\">\u00a0<\/span><\/b><\/td>\n<td valign=\"top\">PALETES, 8 EDIFICIO B PARQUE TECNOLOGICO DEL VALLES 08290, CERDANYOLA DEL VALLES (BARCELONA)<span class=\"Apple-converted-space\">\u00a0<\/span><\/td>\n<\/tr>\n<tr>\n<td valign=\"top\"><b>DIRECCI\u00d3N ELECTR\u00d3NICA<span class=\"Apple-converted-space\">\u00a0<\/span><\/b><\/td>\n<td valign=\"top\">bms@bmsespana.eu<span class=\"Apple-converted-space\">\u00a0<\/span><\/td>\n<\/tr>\n<tr>\n<td valign=\"top\"><b>TEL\u00c9FONOS<span class=\"Apple-converted-space\">\u00a0<\/span><\/b><\/td>\n<td valign=\"top\">935650756<span class=\"Apple-converted-space\">\u00a0<\/span><\/td>\n<\/tr>\n<tr>\n<td valign=\"top\"><b>REGISTRO MERCANTIL<span class=\"Apple-converted-space\">\u00a0<\/span><\/b><\/td>\n<td valign=\"top\">Inscrita en el Registro Mercantil de Barcelona\u00a0: Tomo 39560, Folio 183, Hoja B 350432, Inscripci\u00f3n 1<\/td>\n<\/tr>\n<tr>\n<td valign=\"top\"><b>OBJETO PRINCIPAL<span class=\"Apple-converted-space\">\u00a0<\/span><\/b><\/td>\n<td valign=\"top\">Comercio<span class=\"Apple-converted-space\">\u00a0<\/span><\/td>\n<\/tr>\n<\/tbody>\n<\/table>\n<p><b>USUARIO Y R\u00c9GIMEN DE RESPONSABILIDADES<span class=\"Apple-converted-space\">\u00a0<\/span><\/b><\/p>\n<p>La navegaci\u00f3n, acceso y uso por el sitio web de BUSINESS MOULDING SUPPLIES SL confiere la condici\u00f3n de usuario, por la que se aceptan, desde la navegaci\u00f3n por el sitio web de BUSINESS MOULDING SUPPLIES SL, todas las condiciones de uso aqu\u00ed establecidas sin perjuicio de la aplicaci\u00f3n de la correspondiente normativa de obligado cumplimiento legal seg\u00fan el caso.<span class=\"Apple-converted-space\">\u00a0<\/span><\/p>\n<p>El sitio web de BUSINESS MOULDING SUPPLIES SL proporciona gran diversidad de informaci\u00f3n, servicios y datos. El usuario asume su responsabilidad en el uso correcto del sitio web. Esta responsabilidad se extender\u00e1 a:<span class=\"Apple-converted-space\">\u00a0<\/span><\/p>\n<ul>\n<li>La veracidad y licitud de las informaciones aportadas por el usuario en los formularios extendidos por BUSINESS MOULDING SUPPLIES SL para el acceso a ciertos contenidos o servicios ofrecidos por el web.<span class=\"Apple-converted-space\">\u00a0<\/span><\/li>\n<li>El uso de la informaci\u00f3n, servicios y datos ofrecidos por BUSINESS MOULDING SUPPLIES SL contrariamente a lo dispuesto por las presentes condiciones, la Ley, la moral, las buenas costumbres o el orden p\u00fablico, o que de cualquier otro modo puedan suponer lesi\u00f3n de los derechos de terceros o del mismo funcionamiento del sitio web.<\/li>\n<\/ul>\n<p><b>POL\u00cdTICA DE ENLACES Y EXENCIONES DE RESPONSABILIDAD<span class=\"Apple-converted-space\">\u00a0<\/span><\/b><\/p>\n<p>BUSINESS MOULDING SUPPLIES SL no se hace responsable del contenido de los sitios web a los que el usuario pueda acceder a trav\u00e9s de los enlaces establecidos en su sitio web y declara que en ning\u00fan caso proceder\u00e1 a examinar o ejercitar ning\u00fan tipo de control sobre el contenido de otros sitios de la red. Asimismo, tampoco garantizar\u00e1 la disponibilidad t\u00e9cnica, exactitud, veracidad, validez o legalidad de sitios ajenos a su propiedad a los que se pueda acceder por medio de los enlaces.<span class=\"Apple-converted-space\">\u00a0<\/span><\/p>\n<p>BUSINESS MOULDING SUPPLIES SL declara haber adoptado todas las medidas necesarias para evitar cualquier da\u00f1o a los usuarios de su sitio web, que pudieran derivarse de la navegaci\u00f3n por su sitio web. En consecuencia, BUSINESS MOULDING SUPPLIES SL no se hace responsable, en ning\u00fan caso, de los eventuales da\u00f1os que por la navegaci\u00f3n por Internet pudiera sufrir el usuario.<span class=\"Apple-converted-space\">\u00a0<\/span><\/p>\n<p><b>MODIFICACIONES<span class=\"Apple-converted-space\">\u00a0<\/span><\/b><\/p>\n<p>BUSINESS MOULDING SUPPLIES SL se reserva el derecho a realizar las modificaciones que considere oportunas, sin aviso previo, en el contenido de su sitio web. Tanto en lo referente a los contenidos del sitio web, como en las condiciones de uso del mismo, o en las condiciones generales de contrataci\u00f3n. Dichas modificaciones podr\u00e1n realizarse a trav\u00e9s de su sitio web por cualquier forma admisible en derecho y ser\u00e1n de obligado cumplimiento durante el tiempo en que se encuentren publicadas en el web y hasta que no sean modificadas v\u00e1lidamente por otras posteriores.<span class=\"Apple-converted-space\">\u00a0<\/span><\/p>\n<p><b>PROPIEDAD INTELECTUAL E INDUSTRIAL<span class=\"Apple-converted-space\">\u00a0<\/span><\/b><\/p>\n<p>BUSINESS MOULDING SUPPLIES SL por s\u00ed misma o como cesionaria, es titular de todos los derechos de propiedad intelectual e industrial de su p\u00e1gina web, as\u00ed como de los elementos contenidos en la misma (a t\u00edtulo enunciativo, im\u00e1genes, sonido, audio, v\u00eddeo, software o textos; marcas o logotipos, combinaciones de colores, estructura y dise\u00f1o, selecci\u00f3n de materiales usados, programas de ordenador necesarios para su funcionamiento, acceso y uso, etc.), titularidad de BUSINESS MOULDING SUPPLIES SL. Ser\u00e1n, por consiguiente, obras protegidas como propiedad intelectual por el ordenamiento jur\u00eddico espa\u00f1ol, si\u00e9ndoles aplicables tanto la normativa espa\u00f1ola y comunitaria en este campo, como los tratados internacionales relativos a la materia y suscritos por Espa\u00f1a.<span class=\"Apple-converted-space\">\u00a0<\/span><\/p>\n<p>Todos los derechos reservados. En virtud de lo dispuesto en la Ley de Propiedad Intelectual, quedan expresamente prohibidas la reproducci\u00f3n, la distribuci\u00f3n y la comunicaci\u00f3n p\u00fablica, incluida su modalidad de puesta a disposici\u00f3n, de la totalidad o parte de los contenidos de esta p\u00e1gina web, con fines comerciales, en cualquier soporte y por cualquier medio t\u00e9cnico, sin la autorizaci\u00f3n de BUSINESS MOULDING SUPPLIES SL.<span class=\"Apple-converted-space\">\u00a0<\/span><\/p>\n<p>El usuario se compromete a respetar los derechos de Propiedad Intelectual e Industrial titularidad de BUSINESS MOULDING SUPPLIES SL. Podr\u00e1 visualizar los elementos del portal e incluso imprimirlos, copiarlos y almacenarlos en el disco duro de su ordenador o en cualquier otro soporte f\u00edsico siempre y cuando sea, \u00fanica y exclusivamente, para su uso personal y privado. El usuario deber\u00e1 abstenerse de suprimir, alterar, eludir o manipular cualquier dispositivo de protecci\u00f3n o sistema de seguridad que estuviera instalado en las p\u00e1ginas de BUSINESS MOULDING SUPPLIES SL.<span class=\"Apple-converted-space\">\u00a0<\/span><\/p>\n<p><b>INDICACI\u00d3N DE LOS PRECIOS<span class=\"Apple-converted-space\">\u00a0<\/span><\/b><\/p>\n<p>Cada posible servicio\/producto\/reserva ofrecido tendr\u00e1 indicado su precio y si tiene incorporado el IVA o cualquier otro impuesto que, en su caso, sea de aplicaci\u00f3n. Los precios indicados en pantalla ser\u00e1n los vigentes en cada momento salvo error tipogr\u00e1fico.<span class=\"Apple-converted-space\">\u00a0<\/span><\/p>\n<p><b>CERTIFICADO SSL (SECURE SOCKETS LAYER)<span class=\"Apple-converted-space\">\u00a0<\/span><\/b><\/p>\n<p>El CERTIFICADO SSL proporciona autenticaci\u00f3n, privacidad y seguridad de la informaci\u00f3n entre BUSINESS MOULDING SUPPLIES SL y el usuario.<span class=\"Apple-converted-space\">\u00a0<\/span><\/p>\n<p>BUSINESS MOULDING SUPPLIES SL dispone de un certificado de seguridad que se utiliza por CERTIFICADO SSL para realizar conexiones seguras.<span class=\"Apple-converted-space\">\u00a0<\/span><\/p>\n<p>En este proceso se establecen varios par\u00e1metros para realizar la conexi\u00f3n de forma segura y se establece usando llaves preestablecidas, codificando y descodificando todos los datos enviados hasta que la conexi\u00f3n sea cerrada.<span class=\"Apple-converted-space\">\u00a0<\/span><\/p>\n<p><b>ACCIONES LEGALES, LEGISLACI\u00d3N APLICABLE Y JURISDICCI\u00d3N<span class=\"Apple-converted-space\">\u00a0<\/span><\/b><\/p>\n<p>BUSINESS MOULDING SUPPLIES SL se reserva, asimismo, la facultad de presentar las acciones civiles o penales que considere oportunas por la utilizaci\u00f3n indebida de su sitio web y contenidos, o por el incumplimiento de las presentes condiciones.<span class=\"Apple-converted-space\">\u00a0<\/span><\/p>\n<p>La relaci\u00f3n entre el usuario y el prestador se regir\u00e1 por la normativa vigente y de aplicaci\u00f3n en el territorio espa\u00f1ol. De surgir cualquier controversia las partes podr\u00e1n someter sus conflictos a arbitraje o acudir a la jurisdicci\u00f3n ordinaria cumpliendo con las normas sobre jurisdicci\u00f3n y competencia al respecto. BUSINESS MOULDING SUPPLIES SL tiene su domicilio en BARCELONA, Espa\u00f1a.<span class=\"Apple-converted-space\">\u00a0<\/span><\/p>\n<p>Los contratos celebrados por v\u00eda electr\u00f3nica en los que intervenga como parte un consumidor se presumir\u00e1n celebrados en el lugar en que \u00e9ste tenga su residencia habitual.<span class=\"Apple-converted-space\">\u00a0<\/span><\/p>\n<p>Los contratos electr\u00f3nicos entre empresarios o profesionales, en defecto de pacto entre las partes, se presumir\u00e1n celebrados en el lugar en que est\u00e9 establecido el prestador de servicios.<span class=\"Apple-converted-space\">\u00a0<\/span><\/p>\n<p><b>\u00daLTIMA ACTUALIZACI\u00d3N: 23 de junio de 2021<span class=\"Apple-converted-space\">\u00a0<\/span><\/b><\/p>\n<p><span class=\"Apple-converted-space\">\u00a0<\/span><\/p>\n<\/div>\n<\/div><\/div>\n<\/div>\n<\/div>\n<\/div>\n<\/div>\n<\/div>\n<div id=\"cmsmasters_row_\" class=\"cmsmasters_row cmsmasters_color_scheme_default cmsmasters_row_top_default cmsmasters_row_bot_default cmsmasters_row_boxed\">\n<div class=\"cmsmasters_row_outer_parent\">\n<div class=\"cmsmasters_row_outer\">\n<div class=\"cmsmasters_row_inner\">\n<div class=\"cmsmasters_row_margin\">\n<div id=\"cmsmasters_column_\" class=\"cmsmasters_column one_first\">\n<div class=\"cmsmasters_column_inner\"><div class=\"cmsmasters_text\">\n<p>&nbsp;<\/p>\n<\/div>\n<\/div><\/div>\n<\/div>\n<\/div>\n<\/div>\n<\/div>\n<\/div>\n\n","protected":false},"excerpt":{"rendered":"","protected":false},"author":5,"featured_media":0,"parent":0,"menu_order":0,"comment_status":"closed","ping_status":"closed","template":"","meta":{"footnotes":""},"yst_prominent_words":[],"class_list":["post-22588","page","type-page","status-publish","hentry"],"_links":{"self":[{"href":"https:\/\/www.bmsfrance.eu\/es\/wp-json\/wp\/v2\/pages\/22588","targetHints":{"allow":["GET"]}}],"collection":[{"href":"https:\/\/www.bmsfrance.eu\/es\/wp-json\/wp\/v2\/pages"}],"about":[{"href":"https:\/\/www.bmsfrance.eu\/es\/wp-json\/wp\/v2\/types\/page"}],"author":[{"embeddable":true,"href":"https:\/\/www.bmsfrance.eu\/es\/wp-json\/wp\/v2\/users\/5"}],"replies":[{"embeddable":true,"href":"https:\/\/www.bmsfrance.eu\/es\/wp-json\/wp\/v2\/comments?post=22588"}],"version-history":[{"count":6,"href":"https:\/\/www.bmsfrance.eu\/es\/wp-json\/wp\/v2\/pages\/22588\/revisions"}],"predecessor-version":[{"id":23077,"href":"https:\/\/www.bmsfrance.eu\/es\/wp-json\/wp\/v2\/pages\/22588\/revisions\/23077"}],"wp:attachment":[{"href":"https:\/\/www.bmsfrance.eu\/es\/wp-json\/wp\/v2\/media?parent=22588"}],"wp:term":[{"taxonomy":"yst_prominent_words","embeddable":true,"href":"https:\/\/www.bmsfrance.eu\/es\/wp-json\/wp\/v2\/yst_prominent_words?post=22588"}],"curies":[{"name":"wp","href":"https:\/\/api.w.org\/{rel}","templated":true}]}}