{"id":22607,"date":"2022-05-09T12:31:27","date_gmt":"2022-05-09T10:31:27","guid":{"rendered":"https:\/\/www.bmsfrance.eu\/?page_id=22607"},"modified":"2022-05-10T14:20:10","modified_gmt":"2022-05-10T12:20:10","slug":"proteccion-de-datos","status":"publish","type":"page","link":"https:\/\/www.bmsfrance.eu\/es\/proteccion-de-datos\/","title":{"rendered":"Protecci\u00f3n de datos"},"content":{"rendered":"<div id=\"cmsmasters_row_\" class=\"cmsmasters_row cmsmasters_color_scheme_default cmsmasters_row_top_default cmsmasters_row_bot_default cmsmasters_row_boxed\">\n<div class=\"cmsmasters_row_outer_parent\">\n<div class=\"cmsmasters_row_outer\">\n<div class=\"cmsmasters_row_inner\">\n<div class=\"cmsmasters_row_margin\">\n<div id=\"cmsmasters_column_\" class=\"cmsmasters_column one_first\">\n<div class=\"cmsmasters_column_inner\"><div class=\"cmsmasters_text\">\n<p>&nbsp;<\/p>\n<\/div>\n<\/div><\/div>\n<\/div>\n<\/div>\n<\/div>\n<\/div>\n<\/div>\n<div id=\"cmsmasters_row_\" class=\"cmsmasters_row cmsmasters_color_scheme_default cmsmasters_row_top_default cmsmasters_row_bot_default cmsmasters_row_boxed\">\n<div class=\"cmsmasters_row_outer_parent\">\n<div class=\"cmsmasters_row_outer\">\n<div class=\"cmsmasters_row_inner\">\n<div class=\"cmsmasters_row_margin\">\n<div id=\"cmsmasters_column_\" class=\"cmsmasters_column one_first\">\n<div class=\"cmsmasters_column_inner\"><div class=\"cmsmasters_text\">\n<p>&nbsp;<\/p>\n<\/div>\n<\/div><\/div>\n<\/div>\n<\/div>\n<\/div>\n<\/div>\n<\/div>\n<div id=\"cmsmasters_row_\" class=\"cmsmasters_row cmsmasters_color_scheme_default cmsmasters_row_top_default cmsmasters_row_bot_default cmsmasters_row_boxed\">\n<div class=\"cmsmasters_row_outer_parent\">\n<div class=\"cmsmasters_row_outer\">\n<div class=\"cmsmasters_row_inner\">\n<div class=\"cmsmasters_row_margin\">\n<div id=\"cmsmasters_column_\" class=\"cmsmasters_column one_first\">\n<div class=\"cmsmasters_column_inner\"><div class=\"cmsmasters_text\">\n<p>&nbsp;<\/p>\n<\/div>\n<\/div><\/div>\n<\/div>\n<\/div>\n<\/div>\n<\/div>\n<\/div>\n<div id=\"cmsmasters_row_6th3ht9r88\" class=\"cmsmasters_row cmsmasters_color_scheme_default cmsmasters_row_top_default cmsmasters_row_bot_default cmsmasters_row_boxed\">\n<div class=\"cmsmasters_row_outer_parent\">\n<div class=\"cmsmasters_row_outer\">\n<div class=\"cmsmasters_row_inner\">\n<div class=\"cmsmasters_row_margin\">\n<div id=\"cmsmasters_column_vgsok391v\" class=\"cmsmasters_column one_first\">\n<div class=\"cmsmasters_column_inner\"><div class=\"cmsmasters_text\">\n<h3 class=\"h3 typo-subtitle-xl mb-2 block-article-faq__accordion__question js-block-article-faq-accordion-question\">\u00bfQui\u00e9n es responsable del tratamiento de sus datos?<\/h3>\n<p>BMS Espana, con domicilio en Parque tecnologico del Vall\u00e8s,\u00a0Calle Paletes no. 8, Edificio B,\u00a008290 Cerdanyola de Vall\u00e8s (Barcelona), es la responsable de la recogida y procesamiento de sus datos personales en relaci\u00f3n con los servicios que la misma presta a trav\u00e9s de la presente web.<\/p>\n<h3 class=\"h3 typo-subtitle-xl mb-2 block-article-faq__accordion__question js-block-article-faq-accordion-question\">\u00bfCon qu\u00e9 finalidad\/es recopilamos sus datos?<\/h3>\n<p>Las finalidades y base legal para las que recopilamos dichos datos son:<\/p>\n<p>Gesti\u00f3n de la relaci\u00f3n contractual, la cual incluye:<br \/>\n&#8211; gesti\u00f3n de pedidos, env\u00edos de pedidos a la direcci\u00f3n indicada, respuesta a las preguntas dadas en relaci\u00f3n con sus pedidos, contactar con usted para finalizar su pedido. La base legal de este tratamiento ser\u00eda el cumplimiento de una relaci\u00f3n contractual.<\/p>\n<p>-Env\u00edo de comunicaciones comerciales y promocionales, que incluye: env\u00edo de comunicaciones de marketing, promoci\u00f3n de nuestros productos. La base legal de este tratamiento ser\u00eda su consentimiento.<\/p>\n<p>Se informa de que no se realizar\u00e1n evaluaciones automatizadas, ni se elaborar\u00e1n perfiles de usuarios.<\/p>\n<h3 class=\"h3 typo-subtitle-xl mb-2 block-article-faq__accordion__question js-block-article-faq-accordion-question\">Baja de la lista de distribuci\u00f3n de informaci\u00f3n<\/h3>\n<p>Si usted es destinatario de informaci\u00f3n comercial, ofertas, publicidad, y otros an\u00e1logos que BMS distribuya a sus clientes y dem\u00e1s, que sin ser clientes lo hubiesen solicitado, a trav\u00e9s de cat\u00e1logos en soporte papel y\/o digital, le recordamos que en todo momento puede oponerse a la recepci\u00f3n de los mismos siguiendo las instrucciones que se presentan en cada medio \/ soporte enviado.<\/p>\n<p>En la misma l\u00ednea puede suscribirse a la recepci\u00f3n de Newsletters de BMS, siendo en todo momento posible de manera f\u00e1cil y gratuita la baja de dicho servicio informativo. Para ello le recordamos que, si lo desea, podr\u00e1 seguir las instrucciones que se presentan en cada Newsletter.<\/p>\n<p>Para los casos en que usted revele sus datos a trav\u00e9s de los formularios de contacto de BMS y no pudiese darse de baja siguiendo las anteriores instrucciones, en cualquier momento puede darse de baja enviando un e-mail a bms@bmsespana.eu<\/p>\n<\/div>\n<\/div><\/div>\n<\/div>\n<\/div>\n<\/div>\n<\/div>\n<\/div>\n\n","protected":false},"excerpt":{"rendered":"","protected":false},"author":5,"featured_media":0,"parent":0,"menu_order":0,"comment_status":"closed","ping_status":"closed","template":"","meta":{"footnotes":""},"yst_prominent_words":[5275],"class_list":["post-22607","page","type-page","status-publish","hentry"],"_links":{"self":[{"href":"https:\/\/www.bmsfrance.eu\/es\/wp-json\/wp\/v2\/pages\/22607","targetHints":{"allow":["GET"]}}],"collection":[{"href":"https:\/\/www.bmsfrance.eu\/es\/wp-json\/wp\/v2\/pages"}],"about":[{"href":"https:\/\/www.bmsfrance.eu\/es\/wp-json\/wp\/v2\/types\/page"}],"author":[{"embeddable":true,"href":"https:\/\/www.bmsfrance.eu\/es\/wp-json\/wp\/v2\/users\/5"}],"replies":[{"embeddable":true,"href":"https:\/\/www.bmsfrance.eu\/es\/wp-json\/wp\/v2\/comments?post=22607"}],"version-history":[{"count":5,"href":"https:\/\/www.bmsfrance.eu\/es\/wp-json\/wp\/v2\/pages\/22607\/revisions"}],"predecessor-version":[{"id":22631,"href":"https:\/\/www.bmsfrance.eu\/es\/wp-json\/wp\/v2\/pages\/22607\/revisions\/22631"}],"wp:attachment":[{"href":"https:\/\/www.bmsfrance.eu\/es\/wp-json\/wp\/v2\/media?parent=22607"}],"wp:term":[{"taxonomy":"yst_prominent_words","embeddable":true,"href":"https:\/\/www.bmsfrance.eu\/es\/wp-json\/wp\/v2\/yst_prominent_words?post=22607"}],"curies":[{"name":"wp","href":"https:\/\/api.w.org\/{rel}","templated":true}]}}