{"id":22755,"date":"2022-07-01T12:09:45","date_gmt":"2022-07-01T10:09:45","guid":{"rendered":"https:\/\/www.bmsfrance.eu\/?page_id=22755"},"modified":"2022-09-30T09:36:33","modified_gmt":"2022-09-30T07:36:33","slug":"politica-de-privacidad","status":"publish","type":"page","link":"https:\/\/www.bmsfrance.eu\/es\/politica-de-privacidad\/","title":{"rendered":"Pol\u00edtica de privacidad"},"content":{"rendered":"<p><b>POL\u00cdTICA DE PRIVACIDAD<span class=\"Apple-converted-space\">\u00a0<\/span><\/b><\/p>\n<p><b>Datos del propietario de la web:<span class=\"Apple-converted-space\">\u00a0<\/span><\/b><\/p>\n<table cellspacing=\"0\" cellpadding=\"0\">\n<tbody>\n<tr>\n<td valign=\"top\"><b>RAZ\u00d3N SOCIAL<span class=\"Apple-converted-space\">\u00a0<\/span><\/b><\/td>\n<td valign=\"top\">BUSINESS MOULDING SUPPLIES SL<span class=\"Apple-converted-space\">\u00a0<\/span><\/td>\n<\/tr>\n<tr>\n<td valign=\"top\"><b>NIF<span class=\"Apple-converted-space\">\u00a0<\/span><\/b><\/td>\n<td valign=\"top\">B64465560<span class=\"Apple-converted-space\">\u00a0<\/span><\/td>\n<\/tr>\n<tr>\n<td valign=\"top\"><b>DIRECCI\u00d3N POSTAL<span class=\"Apple-converted-space\">\u00a0<\/span><\/b><\/td>\n<td valign=\"top\">PALETES, 8 EDIFICIO B PARQUE TECNOLOGICO DEL VALLES 08290, CERDANYOLA DEL VALLES (BARCELONA)<span class=\"Apple-converted-space\">\u00a0<\/span><\/td>\n<\/tr>\n<tr>\n<td valign=\"top\"><b>DIRECCI\u00d3N ELECTR\u00d3NICA<span class=\"Apple-converted-space\">\u00a0<\/span><\/b><\/td>\n<td valign=\"top\">bms@bmsespana.eu<span class=\"Apple-converted-space\">\u00a0<\/span><\/td>\n<\/tr>\n<tr>\n<td valign=\"top\"><b>TEL\u00c9FONOS<span class=\"Apple-converted-space\">\u00a0<\/span><\/b><\/td>\n<td valign=\"top\">935650756<span class=\"Apple-converted-space\">\u00a0<\/span><\/td>\n<\/tr>\n<tr>\n<td valign=\"top\"><b>REGISTRO MERCANTIL<span class=\"Apple-converted-space\">\u00a0<\/span><\/b><\/td>\n<td valign=\"top\">Inscrita en el Registro Mercantil de Barcelona\u00a0: Tomo 39560, Folio 183, Hoja B 350432, Inscripci\u00f3n 1<\/td>\n<\/tr>\n<tr>\n<td valign=\"top\"><b>OBJETO PRINCIPAL<span class=\"Apple-converted-space\">\u00a0<\/span><\/b><\/td>\n<td valign=\"top\">Comercio<span class=\"Apple-converted-space\">\u00a0<\/span><\/td>\n<\/tr>\n<\/tbody>\n<\/table>\n<p><b>Protecci\u00f3n de datos<span class=\"Apple-converted-space\">\u00a0<\/span><\/b><\/p>\n<p>De conformidad con la normativa vigente y aplicable en protecci\u00f3n de datos de car\u00e1cter personal, le informamos que sus datos ser\u00e1n incorporados al sistema de tratamiento titularidad de BUSINESS MOULDING SUPPLIES SL con NIF B64465560 y domicilio social sito en PALETES, 8 EDIFICIO B PARQUE TECNOLOGICO DEL VALLES 08290, CERDANYOLA DEL VALLES (BARCELONA), y que a continuaci\u00f3n se relacionan sus respectivas finalidades, plazos de conservaci\u00f3n y bases legitimadoras. Para aquellos tratamientos que lo requieran, se informa tambi\u00e9n de la posible elaboraci\u00f3n de perfiles y decisiones automatizadas, as\u00ed como las posibles cesiones y las transferencias internacionales que BUSINESS MOULDING SUPPLIES SL tiene previsto realizar:<span class=\"Apple-converted-space\">\u00a0<\/span><\/p>\n<table cellspacing=\"0\" cellpadding=\"0\">\n<tbody>\n<tr>\n<td valign=\"top\"><b>TRATAMIENTOS REALIZADOS<span class=\"Apple-converted-space\">\u00a0<\/span><\/b><\/td>\n<\/tr>\n<tr>\n<td valign=\"top\"><b>Gesti\u00f3n de la p\u00e1gina web<span class=\"Apple-converted-space\">\u00a0<\/span><\/b><\/td>\n<td valign=\"top\"><b>Finalidad<\/b>: Tratamiento y gesti\u00f3n de los datos necesarios para la funcionalidad de la p\u00e1gina web<span class=\"Apple-converted-space\">\u00a0<\/span><\/p>\n<p><b>Plazo de conservaci\u00f3n<\/b>: mientras perdure el consentimiento prestado<span class=\"Apple-converted-space\">\u00a0<\/span><\/p>\n<p><b>Base leg\u00edtima<\/b>: El consentimiento del interesado<span class=\"Apple-converted-space\">\u00a0<\/span><\/p>\n<p><b>Tipolog\u00eda de Datos<\/b>: Datos meramente identificativos<span class=\"Apple-converted-space\">\u00a0<\/span><\/p>\n<p><b>Cesiones<\/b>: No se prev\u00e9n<span class=\"Apple-converted-space\">\u00a0<\/span><\/p>\n<p><b>Transferencias internacionales<\/b>: No se prev\u00e9n<span class=\"Apple-converted-space\">\u00a0<\/span><\/p>\n<p><b>Elaboraciones de perfiles<\/b>: No se prev\u00e9n<span class=\"Apple-converted-space\">\u00a0<\/span><\/td>\n<\/tr>\n<tr>\n<td valign=\"top\"><b>Formulario web<span class=\"Apple-converted-space\">\u00a0<\/span><\/b><\/td>\n<td valign=\"top\"><b>Finalidad<\/b>: Atender sus consultas y\/o solicitudes<span class=\"Apple-converted-space\">\u00a0<\/span><\/p>\n<p><b>Plazo de conservaci\u00f3n<\/b>: mientras se mantenga el consentimiento prestado.<span class=\"Apple-converted-space\">\u00a0<\/span><\/p>\n<p><b>Base leg\u00edtima<\/b>: El consentimiento del interesado<span class=\"Apple-converted-space\">\u00a0<\/span><\/p>\n<p><b>Tipolog\u00eda de Datos: <\/b>Datos meramente identificativos<span class=\"Apple-converted-space\">\u00a0<\/span><\/p>\n<p><b>Cesiones<\/b>: Ninguna<span class=\"Apple-converted-space\">\u00a0<\/span><\/p>\n<p><b>Transferencias internacionales<\/b>: No se prev\u00e9n<span class=\"Apple-converted-space\">\u00a0<\/span><\/p>\n<p><b>Elaboraciones de perfiles<\/b>: No se prev\u00e9n<span class=\"Apple-converted-space\">\u00a0<\/span><\/td>\n<\/tr>\n<\/tbody>\n<\/table>\n<p>&nbsp;<\/p>\n<table cellspacing=\"0\" cellpadding=\"0\">\n<tbody>\n<tr>\n<td valign=\"top\"><b>Gesti\u00f3n del cumplimiento normativo<span class=\"Apple-converted-space\">\u00a0<\/span><\/b><\/td>\n<td valign=\"top\"><b>Finalidad<\/b>: Gesti\u00f3n y tramitaci\u00f3n de las obligaciones y deberes que se deriven del cumplimiento de la normativa a la cual est\u00e1 sujeta la entidad<span class=\"Apple-converted-space\">\u00a0<\/span><\/p>\n<p><b>Plazo de conservaci\u00f3n<\/b>: conservaci\u00f3n de las copias de los documentos hasta que prescriban las acciones para reclamarle una posible responsabilidad<span class=\"Apple-converted-space\">\u00a0<\/span><\/p>\n<p><b>Base leg\u00edtima<\/b>: El cumplimiento de una ley<span class=\"Apple-converted-space\">\u00a0<\/span><\/p>\n<p><b>Tipolog\u00eda de Datos: <\/b>Datos meramente identificativos<span class=\"Apple-converted-space\">\u00a0<\/span><\/p>\n<p><b>Cesiones<\/b>: sus datos ser\u00e1n comunicados en caso de ser necesario a Organismos y\/o administraci\u00f3n p\u00fablica con competencia en la materia con la finalidad de cumplir con las obligaciones establecidas en la normativa aplicable. Adem\u00e1s, se informa que la base legitimadora de la cesi\u00f3n es cumplir con las obligaciones establecidas en la normativa aplicable<span class=\"Apple-converted-space\">\u00a0<\/span><\/p>\n<p><b>Transferencias internacionales<\/b>: No se prev\u00e9n<span class=\"Apple-converted-space\">\u00a0<\/span><\/p>\n<p><b>Elaboraciones de perfiles<\/b>: No se prev\u00e9n<span class=\"Apple-converted-space\">\u00a0<\/span><\/td>\n<\/tr>\n<tr>\n<td valign=\"top\"><b>Newsletters<span class=\"Apple-converted-space\">\u00a0<\/span><\/b><\/td>\n<td valign=\"top\"><b>Finalidad<\/b>: Captaci\u00f3n, registro y tratamiento de datos con finalidades de marketing para realizar el env\u00edo correspondiente a la Newsletter a la cual se ha subscrito<span class=\"Apple-converted-space\">\u00a0<\/span><\/p>\n<p><b>Plazo de conservaci\u00f3n<\/b>: mientras se mantenga el consentimiento prestado<span class=\"Apple-converted-space\">\u00a0<\/span><\/p>\n<p><b>Base leg\u00edtima<\/b>: El consentimiento del interesado<span class=\"Apple-converted-space\">\u00a0<\/span><\/p>\n<p><b>Tipolog\u00eda de Datos: <\/b>Datos meramente identificativos<span class=\"Apple-converted-space\">\u00a0<\/span><\/p>\n<p><b>Cesiones<\/b>: Ninguna<span class=\"Apple-converted-space\">\u00a0<\/span><\/p>\n<p><b>Transferencias internacionales<\/b>: No se prev\u00e9n<span class=\"Apple-converted-space\">\u00a0<\/span><\/p>\n<p><b>Elaboraciones de perfiles<\/b>: No se prev\u00e9n<span class=\"Apple-converted-space\">\u00a0<\/span><\/td>\n<\/tr>\n<tr>\n<td valign=\"top\"><b>Acciones Comerciales<span class=\"Apple-converted-space\">\u00a0<\/span><\/b><\/td>\n<td valign=\"top\"><b>Finalidad<\/b>: Captaci\u00f3n, registro y tratamiento de datos con finalidades de publicidad y prospecci\u00f3n comercial de nuestros productos y\/o servicios<span class=\"Apple-converted-space\">\u00a0<\/span><\/p>\n<p><b>Plazo de conservaci\u00f3n<\/b>: mientras se mantenga el consentimiento prestado<span class=\"Apple-converted-space\">\u00a0<\/span><\/p>\n<p><b>Base leg\u00edtima<\/b>: El consentimiento del interesado<span class=\"Apple-converted-space\">\u00a0<\/span><\/p>\n<p><b>Tipolog\u00eda de Datos: <\/b>Datos meramente identificativos<span class=\"Apple-converted-space\">\u00a0<\/span><\/p>\n<p><b>Cesiones<\/b>: Ninguna<span class=\"Apple-converted-space\">\u00a0<\/span><\/p>\n<p><b>Transferencias internacionales<\/b>: No se prev\u00e9n<span class=\"Apple-converted-space\">\u00a0<\/span><\/p>\n<p><b>Elaboraciones de perfiles<\/b>: No se prev\u00e9n<span class=\"Apple-converted-space\">\u00a0<\/span><\/td>\n<\/tr>\n<\/tbody>\n<\/table>\n<p><b>Derechos de los interesados<span class=\"Apple-converted-space\">\u00a0<\/span><\/b><\/p>\n<p>BUSINESS MOULDING SUPPLIES SL informa a los Usuarios que, podr\u00e1 ejercer los derechos de acceso, rectificaci\u00f3n, limitaci\u00f3n, supresi\u00f3n, portabilidad y oposici\u00f3n al tratamiento de sus datos de car\u00e1cter personal ante el Responsable del Tratamiento, as\u00ed como a la retirada del consentimiento prestado.<span class=\"Apple-converted-space\">\u00a0<\/span><\/p>\n<ul>\n<li><b>Derecho de Acceso<\/b>: Es el derecho del usuario a obtener informaci\u00f3n sobre sus datos concretos de car\u00e1cter personal y del tratamiento que se haya realizado o realice, as\u00ed como de la informaci\u00f3n disponible sobre el origen de dichos datos y las comunicaciones realizadas o previstas de los mismos.<span class=\"Apple-converted-space\">\u00a0<\/span><\/li>\n<li><b>Derecho de Rectificaci\u00f3n<\/b>: Es el derecho del afectado a que se modifiquen los datos que resulten ser inexactos o incompletos. S\u00f3lo podr\u00e1 satisfacerse en relaci\u00f3n a aquella informaci\u00f3n que se encuentre bajo el control de la BUSINESS MOULDING SUPPLIES SL, por ejemplo, eliminar comentarios publicados en la propia p\u00e1gina, im\u00e1genes o contenidos web donde consten datos de car\u00e1cter personal del usuario.<span class=\"Apple-converted-space\">\u00a0<\/span><\/li>\n<li><b>Derecho a la Limitaci\u00f3n de tratamiento<\/b>: Es el derecho a que se limiten los fines del tratamiento previstos de forma original por el responsable del tratamiento.<span class=\"Apple-converted-space\">\u00a0<\/span><\/li>\n<li><b>Derecho de Supresi\u00f3n<\/b>: Es el derecho a suprimir los datos de car\u00e1cter personal del usuario, a excepci\u00f3n de lo previsto en el propio RGPD o en otras normativas aplicables que determinen la obligatoriedad de la conservaci\u00f3n de los mismos, en tiempo y forma.<span class=\"Apple-converted-space\">\u00a0<\/span><\/li>\n<li><b>Derecho de portabilidad<\/b>: El derecho a recibir los datos personales que el usuario, haya facilitado, en un formato estructurado, de uso com\u00fan y lectura mec\u00e1nica, y a transmitirlos a otro responsable.<span class=\"Apple-converted-space\">\u00a0<\/span><\/li>\n<li><b>Derecho de Oposici\u00f3n<\/b>: Es el derecho del usuario a que no se lleve a cabo el tratamiento de sus datos de car\u00e1cter personal o se cese el tratamiento de los mismos por parte de la BUSINESS MOULDING SUPPLIES SL.<span class=\"Apple-converted-space\">\u00a0<\/span><\/li>\n<\/ul>\n<p>Para poder ejercer cualquiera de los derechos descritos anteriormente deber\u00e1 cumplir con los siguientes requisitos:<span class=\"Apple-converted-space\">\u00a0<\/span><\/p>\n<p>\uf0b7 Presentaci\u00f3n de un escrito a la direcci\u00f3n PALETES, 8 EDIFICIO B PARQUE TECNOLOGICO DEL VALLES 08290, CERDANYOLA DEL VALLES (BARCELONA) (a la atenci\u00f3n de BUSINESS MOULDING SUPPLIES SL) o bien por correo electr\u00f3nico a bms@bmsespana.eu.<span class=\"Apple-converted-space\">\u00a0<\/span><\/p>\n<p>\uf0b7 El escrito remitido por el titular de los datos que solicite el ejercicio deber\u00e1 de cumplir los siguientes requisitos legales:<span class=\"Apple-converted-space\">\u00a0<\/span><\/p>\n<p>o Nombre, apellidos del interesado y copia del DNI\/NIE o cualquier documento identificativo. En los excepcionales casos en que se admita la representaci\u00f3n, ser\u00e1 tambi\u00e9n necesaria la identificaci\u00f3n por el mismo medio de la persona que le representa, as\u00ed como el documento acreditativo de la representaci\u00f3n. La fotocopia del DNI podr\u00e1 ser sustituida siempre que se acredite la identidad por cualquier otro medio v\u00e1lido en derecho.<span class=\"Apple-converted-space\">\u00a0<\/span><\/p>\n<p>o Petici\u00f3n en que se concreta la solicitud. (Ejercicio en el que se solicita la informaci\u00f3n a la que se quiere acceder). Si no hace referencia a un fichero concreto se le facilitar\u00e1 toda la informaci\u00f3n que se tenga con sus datos de car\u00e1cter personal. Si solicita informaci\u00f3n de un fichero en concreto, s\u00f3lo la informaci\u00f3n de este fichero. Si solicita informaci\u00f3n relativa a un tercero nunca se podr\u00e1 facilitar. Si lo solicita por tel\u00e9fono se le indicar\u00e1 que lo haga por escrito y se le informar\u00e1 de c\u00f3mo lo puede hacer y la direcci\u00f3n a la que tiene que enviarlo. Nunca se le dar\u00e1 informaci\u00f3n por tel\u00e9fono.<span class=\"Apple-converted-space\">\u00a0<\/span><\/p>\n<p>o Domicilio a efectos de notificaciones.<span class=\"Apple-converted-space\">\u00a0<\/span><\/p>\n<p>o Fecha y firma del solicitante.<span class=\"Apple-converted-space\">\u00a0<\/span><\/p>\n<p>o Documentos acreditativos de la petici\u00f3n que formula.<span class=\"Apple-converted-space\">\u00a0<\/span><\/p>\n<p>o El interesado debe utilizar cualquier medio que permita acreditar el env\u00edo y la recepci\u00f3n de la solicitud.<span class=\"Apple-converted-space\">\u00a0<\/span><\/p>\n<p>Por \u00faltimo, le informamos que Usted tiene derecho a presentar una reclamaci\u00f3n ante la Agencia Espa\u00f1ola de Protecci\u00f3n de Datos en caso de que tenga conocimiento o considere que un hecho pueda suponer un incumplimiento de la normativa aplicable en materia de protecci\u00f3n de datos.<span class=\"Apple-converted-space\">\u00a0<\/span><\/p>\n<p>BUSINESS MOULDING SUPPLIES SL se compromete a adoptar las medidas t\u00e9cnicas y organizativas necesarias, acorde al nivel de riesgos que acompa\u00f1an los tratamientos realizados por \u00e9stas e indicados en el apartado de los t\u00e9rminos y condiciones de uso, de forma que garanticen su integridad, confidencialidad y disponibilidad.<span class=\"Apple-converted-space\">\u00a0<\/span><\/p>\n<p><b>\u00daLTIMA ACTUALIZACI\u00d3N: 23 de junio de 2021<span class=\"Apple-converted-space\">\u00a0<\/span><\/b><\/p>\n","protected":false},"excerpt":{"rendered":"<p>POL\u00cdTICA DE PRIVACIDAD\u00a0 Datos del propietario de la web:\u00a0 RAZ\u00d3N SOCIAL\u00a0 BUSINESS MOULDING SUPPLIES SL\u00a0 NIF\u00a0 B64465560\u00a0 DIRECCI\u00d3N POSTAL\u00a0 PALETES, 8 EDIFICIO B PARQUE TECNOLOGICO DEL VALLES 08290, CERDANYOLA DEL VALLES (BARCELONA)\u00a0 DIRECCI\u00d3N ELECTR\u00d3NICA\u00a0 bms@bmsespana.eu\u00a0 TEL\u00c9FONOS\u00a0 935650756\u00a0 REGISTRO MERCANTIL\u00a0 Inscrita en el Registro Mercantil de Barcelona\u00a0: Tomo 39560, Folio 183, Hoja B 350432, Inscripci\u00f3n 1&#8230;<\/p>\n","protected":false},"author":5,"featured_media":0,"parent":0,"menu_order":0,"comment_status":"closed","ping_status":"closed","template":"","meta":{"footnotes":""},"yst_prominent_words":[],"class_list":["post-22755","page","type-page","status-publish","hentry"],"_links":{"self":[{"href":"https:\/\/www.bmsfrance.eu\/es\/wp-json\/wp\/v2\/pages\/22755","targetHints":{"allow":["GET"]}}],"collection":[{"href":"https:\/\/www.bmsfrance.eu\/es\/wp-json\/wp\/v2\/pages"}],"about":[{"href":"https:\/\/www.bmsfrance.eu\/es\/wp-json\/wp\/v2\/types\/page"}],"author":[{"embeddable":true,"href":"https:\/\/www.bmsfrance.eu\/es\/wp-json\/wp\/v2\/users\/5"}],"replies":[{"embeddable":true,"href":"https:\/\/www.bmsfrance.eu\/es\/wp-json\/wp\/v2\/comments?post=22755"}],"version-history":[{"count":3,"href":"https:\/\/www.bmsfrance.eu\/es\/wp-json\/wp\/v2\/pages\/22755\/revisions"}],"predecessor-version":[{"id":23079,"href":"https:\/\/www.bmsfrance.eu\/es\/wp-json\/wp\/v2\/pages\/22755\/revisions\/23079"}],"wp:attachment":[{"href":"https:\/\/www.bmsfrance.eu\/es\/wp-json\/wp\/v2\/media?parent=22755"}],"wp:term":[{"taxonomy":"yst_prominent_words","embeddable":true,"href":"https:\/\/www.bmsfrance.eu\/es\/wp-json\/wp\/v2\/yst_prominent_words?post=22755"}],"curies":[{"name":"wp","href":"https:\/\/api.w.org\/{rel}","templated":true}]}}