{"id":5958,"date":"2018-04-24T10:13:04","date_gmt":"2018-04-24T08:13:04","guid":{"rendered":"http:\/\/192.168.100.188:8888\/wordpress\/?page_id=5958"},"modified":"2024-07-18T10:22:41","modified_gmt":"2024-07-18T08:22:41","slug":"contact","status":"publish","type":"page","link":"https:\/\/www.bmsfrance.eu\/es\/contact\/","title":{"rendered":"Cont\u00e1ctenos"},"content":{"rendered":"<div id=\"cmsmasters_row_mcheiruuho\" class=\"cmsmasters_row cmsmasters_color_scheme_default cmsmasters_row_top_default cmsmasters_row_bot_default cmsmasters_row_boxed\">\n<div class=\"cmsmasters_row_outer_parent\">\n<div class=\"cmsmasters_row_outer\">\n<div class=\"cmsmasters_row_inner\">\n<div class=\"cmsmasters_row_margin\">\n<div id=\"cmsmasters_column_gzrir4gs1s\" class=\"cmsmasters_column one_half\" data-animation=\"fadeInLeft\" data-delay=\"300\">\n<div class=\"cmsmasters_column_inner\">\n<div id=\"cmsmasters_divider_q1kcxhg296\" class=\"cl\"><\/div>\n<div class=\"cmsmasters_text\">\n<p>Cont\u00e1ctenos directamente a trav\u00e9s del siguiente formulario o ll\u00e1menos directamente a nuestra l\u00ednea telef\u00f3nica.<\/p>\n<\/div>\n<div class=\"cmsmasters_contact_form\">\n<div class=\"wpcf7 no-js\" id=\"wpcf7-f19355-o1\" lang=\"es-ES\" dir=\"ltr\" data-wpcf7-id=\"19355\">\n<div class=\"screen-reader-response\"><p role=\"status\" aria-live=\"polite\" aria-atomic=\"true\"><\/p> <ul><\/ul><\/div>\n<form action=\"\/es\/wp-json\/wp\/v2\/pages\/5958#wpcf7-f19355-o1\" method=\"post\" class=\"wpcf7-form init\" aria-label=\"Formulario de contacto\" novalidate=\"novalidate\" data-status=\"init\">\n<fieldset class=\"hidden-fields-container\"><input type=\"hidden\" name=\"_wpcf7\" value=\"19355\" \/><input type=\"hidden\" name=\"_wpcf7_version\" value=\"6.1.4\" \/><input type=\"hidden\" name=\"_wpcf7_locale\" value=\"es_ES\" \/><input type=\"hidden\" name=\"_wpcf7_unit_tag\" value=\"wpcf7-f19355-o1\" \/><input type=\"hidden\" name=\"_wpcf7_container_post\" value=\"0\" \/><input type=\"hidden\" name=\"_wpcf7_posted_data_hash\" value=\"\" \/><input type=\"hidden\" name=\"_wpcf7_recaptcha_response\" value=\"\" \/>\n<\/fieldset>\n<p><label> Su nombre (requerido)<br \/>\n<span class=\"wpcf7-form-control-wrap\" data-name=\"your-name\"><input size=\"40\" maxlength=\"400\" class=\"wpcf7-form-control wpcf7-text wpcf7-validates-as-required\" aria-required=\"true\" aria-invalid=\"false\" value=\"\" type=\"text\" name=\"your-name\" \/><\/span> <\/label>\n<\/p>\n<p><label> Su correo electr\u00f3nico (requerido)<br \/>\n<span class=\"wpcf7-form-control-wrap\" data-name=\"your-email\"><input size=\"40\" maxlength=\"400\" class=\"wpcf7-form-control wpcf7-email wpcf7-validates-as-required wpcf7-text wpcf7-validates-as-email\" aria-required=\"true\" aria-invalid=\"false\" value=\"\" type=\"email\" name=\"your-email\" \/><\/span> <\/label>\n<\/p>\n<p><label> Su compa\u00f1\u00eda (requerido)<br \/>\n<span class=\"wpcf7-form-control-wrap\" data-name=\"your-company\"><input size=\"40\" maxlength=\"400\" class=\"wpcf7-form-control wpcf7-text wpcf7-validates-as-required\" aria-required=\"true\" aria-invalid=\"false\" value=\"\" type=\"text\" name=\"your-company\" \/><\/span> <\/label>\n<\/p>\n<p><label> Asunto<br \/>\n<span class=\"wpcf7-form-control-wrap\" data-name=\"your-subject\"><input size=\"40\" maxlength=\"400\" class=\"wpcf7-form-control wpcf7-text\" aria-invalid=\"false\" value=\"\" type=\"text\" name=\"your-subject\" \/><\/span> <\/label>\n<\/p>\n<p><label> Su mensaje<br \/>\n<span class=\"wpcf7-form-control-wrap\" data-name=\"your-message\"><textarea cols=\"40\" rows=\"10\" maxlength=\"2000\" class=\"wpcf7-form-control wpcf7-textarea\" aria-invalid=\"false\" name=\"your-message\"><\/textarea><\/span> <\/label>\n<\/p>\n<div>\n\t<p><span class=\"wpcf7-form-control-wrap\" data-name=\"accord\"><span class=\"wpcf7-form-control wpcf7-checkbox strong\"><span class=\"wpcf7-list-item first last\"><label><input type=\"checkbox\" name=\"accord[]\" value=\"Al enviar este formulario, acepto que la informaci\u00f3n ingresada en este formulario se utilizar\u00e1 para permitirme contactarme y enviarme el bolet\u00edn como parte de la relaci\u00f3n comercial que surge de esta solicitud de contacto.\" \/><span class=\"wpcf7-list-item-label\">Al enviar este formulario, acepto que la informaci\u00f3n ingresada en este formulario se utilizar\u00e1 para permitirme contactarme y enviarme el bolet\u00edn como parte de la relaci\u00f3n comercial que surge de esta solicitud de contacto.<\/span><\/label><\/span><\/span><\/span>\n\t<\/p>\n<\/div>\n<p><input class=\"wpcf7-form-control wpcf7-submit has-spinner\" type=\"submit\" value=\"Enviar\" \/>\n<\/p><div class=\"wpcf7-response-output\" aria-hidden=\"true\"><\/div>\n<\/form>\n<\/div>\n<\/div>\n<div class=\"cmsmasters_text\">\n<p>Puede darse de baja en cualquier momento utilizando el enlace presente en cada newsletter. Para obtener m\u00e1s informaci\u00f3n sobre c\u00f3mo recopilamos su informaci\u00f3n personal, as\u00ed como para el ejercicio de sus derechos, clique aqu\u00ed para <a href=\"https:\/\/www.bmsfrance.eu\/es\/politica-de-privacidad\/\">consultar nuestra pol\u00edtica de privacidad<\/a>.<\/p>\n<\/div>\n<\/div><\/div>\n<div id=\"cmsmasters_column_l2keij8hg6\" class=\"cmsmasters_column one_half\" data-animation=\"fadeInRight\" data-delay=\"200\">\n<div class=\"cmsmasters_column_inner\">\n<div id=\"cmsmasters_divider_amuqs1bo0m\" class=\"cl\"><\/div>\n<div class=\"cmsmasters_text\">\n<h3>BMS Espa\u00f1a<\/h3>\n<p style=\"margin-top: -20px;\"><span lang=\"PT\">C\/ de la Bobinadora 1, bajo 5<\/span><br \/>\n<span lang=\"PT\">08302 Matar\u00f3 \u2013 Barcelona<\/span><br \/>\nTel : <a href=\"tel:+34935650756&lt;\">+34 93 565 07 56<\/a><br \/>\nFax : +34 93 565 07 57<br \/>\nMail : bms@bmsespana.eu<\/p>\n<\/div>\n<div class=\"cmsmasters_text\">\n<iframe style=\"border: 0;\" src=\"https:\/\/www.google.com\/maps\/embed?pb=!1m18!1m12!1m3!1d2986.866599345713!2d2.42839197716817!3d41.5288301872081!2m3!1f0!2f0!3f0!3m2!1i1024!2i768!4f13.1!3m3!1m2!1s0x12a4b4e4c586aa17%3A0x515a3186858a82d9!2sCarrer%20de%20la%20Bobinadora%2C%201%2C%2008302%20Matar%C3%B3%2C%20Barcelona%2C%20Espagne!5e0!3m2!1sfr!2sfr!4v1721290889939!5m2!1sfr!2sfr\" width=\"600\" height=\"450\" allowfullscreen=\"allowfullscreen\"><\/iframe>\n<\/div>\n<\/div><\/div>\n<\/div>\n<\/div>\n<\/div>\n<\/div>\n<\/div>\n\n","protected":false},"excerpt":{"rendered":"","protected":false},"author":1,"featured_media":0,"parent":0,"menu_order":11,"comment_status":"closed","ping_status":"closed","template":"","meta":{"footnotes":""},"yst_prominent_words":[4852,4845,4842,4839,4838,4847,4844,4846,4843,4840,4848,4876,4935,5217,4868],"class_list":["post-5958","page","type-page","status-publish","hentry"],"_links":{"self":[{"href":"https:\/\/www.bmsfrance.eu\/es\/wp-json\/wp\/v2\/pages\/5958","targetHints":{"allow":["GET"]}}],"collection":[{"href":"https:\/\/www.bmsfrance.eu\/es\/wp-json\/wp\/v2\/pages"}],"about":[{"href":"https:\/\/www.bmsfrance.eu\/es\/wp-json\/wp\/v2\/types\/page"}],"author":[{"embeddable":true,"href":"https:\/\/www.bmsfrance.eu\/es\/wp-json\/wp\/v2\/users\/1"}],"replies":[{"embeddable":true,"href":"https:\/\/www.bmsfrance.eu\/es\/wp-json\/wp\/v2\/comments?post=5958"}],"version-history":[{"count":20,"href":"https:\/\/www.bmsfrance.eu\/es\/wp-json\/wp\/v2\/pages\/5958\/revisions"}],"predecessor-version":[{"id":24598,"href":"https:\/\/www.bmsfrance.eu\/es\/wp-json\/wp\/v2\/pages\/5958\/revisions\/24598"}],"wp:attachment":[{"href":"https:\/\/www.bmsfrance.eu\/es\/wp-json\/wp\/v2\/media?parent=5958"}],"wp:term":[{"taxonomy":"yst_prominent_words","embeddable":true,"href":"https:\/\/www.bmsfrance.eu\/es\/wp-json\/wp\/v2\/yst_prominent_words?post=5958"}],"curies":[{"name":"wp","href":"https:\/\/api.w.org\/{rel}","templated":true}]}}