{"id":6628,"date":"2018-04-24T15:57:41","date_gmt":"2018-04-24T13:57:41","guid":{"rendered":"http:\/\/192.168.100.188:8888\/wordpress\/?page_id=6628"},"modified":"2020-02-11T16:30:09","modified_gmt":"2020-02-11T15:30:09","slug":"catalogos-electronicos","status":"publish","type":"page","link":"https:\/\/www.bmsfrance.eu\/es\/catalogos-electronicos\/","title":{"rendered":"Consulta los cat\u00e1logos electr\u00f3nicos"},"content":{"rendered":"<div id=\"cmsmasters_row_6i5w3t6r3m\" class=\"cmsmasters_row cmsmasters_color_scheme_default cmsmasters_row_top_default cmsmasters_row_bot_default cmsmasters_row_boxed\">\n<div class=\"cmsmasters_row_outer_parent\">\n<div class=\"cmsmasters_row_outer\">\n<div class=\"cmsmasters_row_inner\">\n<div class=\"cmsmasters_row_margin\">\n<div id=\"cmsmasters_column_0az51h5cra\" class=\"cmsmasters_column one_first\">\n<div class=\"cmsmasters_column_inner\"><div id=\"cmsmasters_heading_30royiwev\" class=\"cmsmasters_heading_wrap cmsmasters_heading_align_left\">\n\t<h2 class=\"cmsmasters_heading\">Consulta los cat\u00e1logos electr\u00f3nicos<\/h2>\n<\/div><div class=\"cmsmasters_text\">\n<p>Todas las actividades de BMS se centran en la industria del pl\u00e1stico.<br \/>\nConsulte nuestros cat\u00e1logos en l\u00ednea y no dude en contactarnos para obtener m\u00e1s informaci\u00f3n.<\/p>\n<\/div>\n<\/div><\/div>\n<\/div>\n<\/div>\n<\/div>\n<\/div>\n<\/div>\n<div id=\"cmsmasters_row_\" class=\"cmsmasters_row cmsmasters_color_scheme_default cmsmasters_row_top_default cmsmasters_row_bot_default cmsmasters_row_boxed\">\n<div class=\"cmsmasters_row_outer_parent\">\n<div class=\"cmsmasters_row_outer\">\n<div class=\"cmsmasters_row_inner\">\n<div class=\"cmsmasters_row_margin\">\n<div id=\"cmsmasters_column_\" class=\"cmsmasters_column one_first\">\n<div class=\"cmsmasters_column_inner\"><div id=\"cmsmasters_heading_lnb2xmorol\" class=\"cmsmasters_heading_wrap cmsmasters_heading_align_left\">\n\t<h2 class=\"cmsmasters_heading\">Cat\u00e1logos<\/h2>\n<\/div><div class=\"cmsmasters_text\">\n<p>Consulte toda nuestra gama con los cat\u00e1logos BMS<\/p>\n<\/div>\n<\/div><\/div>\n<\/div>\n<\/div>\n<\/div>\n<\/div>\n<\/div>\n<div id=\"cmsmasters_row_jdegye297f\" class=\"cmsmasters_row cmsmasters_color_scheme_default cmsmasters_row_top_default cmsmasters_row_bot_default cmsmasters_row_boxed\">\n<div class=\"cmsmasters_row_outer_parent\">\n<div class=\"cmsmasters_row_outer\">\n<div class=\"cmsmasters_row_inner\">\n<div class=\"cmsmasters_row_margin\">\n<div id=\"cmsmasters_column_k3rolfyumn\" class=\"cmsmasters_column one_fourth\" data-animation=\"fadeIn\" data-delay=\"200\">\n<div class=\"cmsmasters_column_inner\"><div class=\"aligncenter\"><div class=\"cmsmasters_img  cmsmasters_image_c\"><a href=\"https:\/\/fr.calameo.com\/read\/00461515479493471455a\" target=\"_blank\"><img decoding=\"async\" src=\"https:\/\/www.bmsfrance.eu\/wp-content\/uploads\/2020\/01\/couv-b23-es-212x300.jpg\" \/><\/a><\/div><\/div>\n<div id=\"cmsmasters_divider_gplkk1qfz\" class=\"cl\"><\/div>\n<div class=\"cmsmasters_text\">\n<p style=\"text-align: center;\">B23 | Cat\u00e1logo General<\/p>\n<\/div>\n<\/div><\/div>\n<div id=\"cmsmasters_column_59ch1fxkkt\" class=\"cmsmasters_column one_fourth\" data-animation=\"fadeIn\" data-delay=\"600\">\n<div class=\"cmsmasters_column_inner\"><div class=\"aligncenter\"><div class=\"cmsmasters_img  cmsmasters_image_c\"><a href=\"https:\/\/www.calameo.com\/read\/004615154f58b8e54add5\" target=\"_blank\"><img decoding=\"async\" src=\"https:\/\/www.bmsfrance.eu\/wp-content\/uploads\/2020\/01\/couv-peripheriques-es-212x300.jpg\" \/><\/a><\/div><\/div>\n<div id=\"cmsmasters_divider_jtv3sq6xh\" class=\"cl\"><\/div>\n<div class=\"cmsmasters_text\">\n<p style=\"text-align: center;\">Cat\u00e1logo Perif\u00e9ricos<\/p>\n<\/div>\n<\/div><\/div>\n<div id=\"cmsmasters_column_qpw4tmg1f8\" class=\"cmsmasters_column one_fourth\" data-animation=\"fadeIn\" data-delay=\"400\">\n<div class=\"cmsmasters_column_inner\"><\/div><\/div>\n<div id=\"cmsmasters_column_8l1hrzzvu\" class=\"cmsmasters_column one_fourth\" data-animation=\"fadeIn\" data-delay=\"800\">\n<div class=\"cmsmasters_column_inner\"><\/div><\/div>\n<\/div>\n<\/div>\n<\/div>\n<\/div>\n<\/div>\n<div id=\"cmsmasters_row_1adkr71u56\" class=\"cmsmasters_row cmsmasters_color_scheme_default cmsmasters_row_top_default cmsmasters_row_bot_default cmsmasters_row_boxed\">\n<div class=\"cmsmasters_row_outer_parent\">\n<div class=\"cmsmasters_row_outer\">\n<div class=\"cmsmasters_row_inner\">\n<div class=\"cmsmasters_row_margin\">\n<div id=\"cmsmasters_column_x8ana3mtu8\" class=\"cmsmasters_column one_first\">\n<div class=\"cmsmasters_column_inner\"><div id=\"cmsmasters_heading_7e1996wbvd\" class=\"cmsmasters_heading_wrap cmsmasters_heading_align_left\">\n\t<h2 class=\"cmsmasters_heading\">Felletos<\/h2>\n<\/div><div class=\"cmsmasters_text\">\n<p>\u00bfNecesita un zoom en una gama de productos? \u00a1Entonces consulte nuestros folletos detallados!<\/p>\n<\/div>\n<\/div><\/div>\n<\/div>\n<\/div>\n<\/div>\n<\/div>\n<\/div>\n<div id=\"cmsmasters_row_o5sdjxlrtq\" class=\"cmsmasters_row cmsmasters_color_scheme_default cmsmasters_row_top_default cmsmasters_row_bot_default cmsmasters_row_boxed\">\n<div class=\"cmsmasters_row_outer_parent\">\n<div class=\"cmsmasters_row_outer\">\n<div class=\"cmsmasters_row_inner\">\n<div class=\"cmsmasters_row_margin\">\n<div id=\"cmsmasters_column_z0i7nj26ie\" class=\"cmsmasters_column one_fourth\" data-animation=\"fadeIn\" data-delay=\"200\">\n<div class=\"cmsmasters_column_inner\"><div class=\"aligncenter\"><div class=\"cmsmasters_img  cmsmasters_image_c\"><a href=\"https:\/\/www.bmsfrance.eu\/wp-content\/uploads\/2020\/01\/couv-brides-surpuissantes-ES.jpg\" target=\"_blank\"><img decoding=\"async\" src=\"https:\/\/www.bmsfrance.eu\/wp-content\/uploads\/2020\/01\/couv-brides-surpuissantes-ES-212x300.jpg\" \/><\/a><\/div><\/div>\n<div id=\"cmsmasters_divider_j34dwwstv9\" class=\"cl\"><\/div>\n<div class=\"cmsmasters_text\">\n<p style=\"text-align: center;\">Bridas gran potencia<\/p>\n<\/div>\n<\/div><\/div>\n<div id=\"cmsmasters_column_c1pa7ovnq4\" class=\"cmsmasters_column one_fourth\" data-animation=\"fadeIn\" data-delay=\"400\">\n<div class=\"cmsmasters_column_inner\"><div class=\"aligncenter\"><div class=\"cmsmasters_img  cmsmasters_image_c\"><a href=\"https:\/\/www.bmsfrance.eu\/wp-content\/uploads\/2020\/01\/couv-prodoptim-ES.jpg\" target=\"_blank\"><img decoding=\"async\" src=\"https:\/\/www.bmsfrance.eu\/wp-content\/uploads\/2020\/01\/couv-prodoptim-ES-212x300.jpg\" \/><\/a><\/div><\/div>\n<div id=\"cmsmasters_divider_5z3y07t8qr\" class=\"cl\"><\/div>\n<div class=\"cmsmasters_text\">\n<p style=\"text-align: center;\">PRODOPTIM |\u00a0Mesa de mantenimiento de molde de inyecci\u00f3n<\/p>\n<\/div>\n<\/div><\/div>\n<div id=\"cmsmasters_column_4e1vba4ktn\" class=\"cmsmasters_column one_fourth\" data-animation=\"fadeIn\" data-delay=\"600\">\n<div class=\"cmsmasters_column_inner\"><div class=\"aligncenter\"><div class=\"cmsmasters_img  cmsmasters_image_c\"><a href=\"https:\/\/fr.calameo.com\/read\/0046151548f9fcc0ed7ae\" target=\"_blank\"><img decoding=\"async\" src=\"https:\/\/www.bmsfrance.eu\/wp-content\/uploads\/2020\/01\/couv-tapis-ES-212x300.jpg\" \/><\/a><\/div><\/div>\n<div id=\"cmsmasters_divider_ys80swbtu8\" class=\"cl\"><\/div>\n<div class=\"cmsmasters_text\">\n<p style=\"text-align: center;\">Cintas Transportadoras<\/p>\n<\/div>\n<\/div><\/div>\n<div id=\"cmsmasters_column_8rg2gm8ild\" class=\"cmsmasters_column one_fourth\" data-animation=\"fadeIn\" data-delay=\"800\">\n<div class=\"cmsmasters_column_inner\"><div class=\"aligncenter\"><div class=\"cmsmasters_img  cmsmasters_image_c\"><a href=\"https:\/\/fr.calameo.com\/read\/0046151542288eb63f9e5\" target=\"_blank\"><img decoding=\"async\" src=\"https:\/\/www.bmsfrance.eu\/wp-content\/uploads\/2020\/01\/couv-vis-fourreaux-212x300.jpg\" alt=\"Vis et fourreaux bms France\" \/><\/a><\/div><\/div>\n<div id=\"cmsmasters_divider_7tagkss97v\" class=\"cl\"><\/div>\n<div class=\"cmsmasters_text\">\n<p style=\"text-align: center;\">Husillos y c\u00e1maras<\/p>\n<\/div>\n<\/div><\/div>\n<\/div>\n<\/div>\n<\/div>\n<\/div>\n<\/div>\n<div id=\"cmsmasters_row_9f6kwzar1a\" class=\"cmsmasters_row cmsmasters_color_scheme_default cmsmasters_row_top_default cmsmasters_row_bot_default cmsmasters_row_boxed\">\n<div class=\"cmsmasters_row_outer_parent\">\n<div class=\"cmsmasters_row_outer\">\n<div class=\"cmsmasters_row_inner\">\n<div class=\"cmsmasters_row_margin\">\n<div id=\"cmsmasters_column_ohh4o1t3u\" class=\"cmsmasters_column one_fourth\" data-animation=\"fadeIn\" data-delay=\"800\">\n<div class=\"cmsmasters_column_inner\"><div class=\"aligncenter\"><div class=\"cmsmasters_img  cmsmasters_image_c\"><a href=\"https:\/\/fr.calameo.com\/read\/0046151544484aff5c6ae\" target=\"_blank\"><img decoding=\"async\" src=\"https:\/\/www.bmsfrance.eu\/wp-content\/uploads\/2020\/01\/couv-dateurs-212x300.jpg\" alt=\"brochure dateurs pour moule bms France\" \/><\/a><\/div><\/div>\n<div id=\"cmsmasters_divider_j9pa8nrvgs\" class=\"cl\"><\/div>\n<div class=\"cmsmasters_text\">\n<p style=\"text-align: center;\">Fechadores<\/p>\n<\/div>\n<\/div><\/div>\n<div id=\"cmsmasters_column_lxsse1jtzj\" class=\"cmsmasters_column one_fourth\" data-animation=\"fadeIn\" data-delay=\"600\">\n<div class=\"cmsmasters_column_inner\"><div class=\"aligncenter\"><div class=\"cmsmasters_img  cmsmasters_image_c\"><a href=\"https:\/\/www.calameo.com\/read\/00461515417a129c280a9\" target=\"_blank\"><img decoding=\"async\" src=\"https:\/\/www.bmsfrance.eu\/wp-content\/uploads\/2020\/01\/couv-buses-pointes-vis-es-300x231.jpg\" \/><\/a><\/div><\/div>\n<div id=\"cmsmasters_divider_p57z2oyxz\" class=\"cl\"><\/div>\n<div class=\"cmsmasters_text\">\n<p style=\"text-align: center;\">Boquillas &#8211; Husillos &#8211; Camaras<\/p>\n<\/div>\n<\/div><\/div>\n<div id=\"cmsmasters_column_95k281l15n\" class=\"cmsmasters_column one_fourth\" data-animation=\"fadeIn\" data-delay=\"400\">\n<div class=\"cmsmasters_column_inner\"><\/div><\/div>\n<div id=\"cmsmasters_column_127z9rudhj\" class=\"cmsmasters_column one_fourth\" data-animation=\"fadeIn\" data-delay=\"200\">\n<div class=\"cmsmasters_column_inner\"><\/div><\/div>\n<\/div>\n<\/div>\n<\/div>\n<\/div>\n<\/div>\n\n","protected":false},"excerpt":{"rendered":"","protected":false},"author":1,"featured_media":0,"parent":0,"menu_order":7,"comment_status":"closed","ping_status":"closed","template":"","meta":{"footnotes":""},"yst_prominent_words":[4431,4832,4828,4831,4827,4835,4837,4833,4826,4834],"class_list":["post-6628","page","type-page","status-publish","hentry"],"_links":{"self":[{"href":"https:\/\/www.bmsfrance.eu\/es\/wp-json\/wp\/v2\/pages\/6628","targetHints":{"allow":["GET"]}}],"collection":[{"href":"https:\/\/www.bmsfrance.eu\/es\/wp-json\/wp\/v2\/pages"}],"about":[{"href":"https:\/\/www.bmsfrance.eu\/es\/wp-json\/wp\/v2\/types\/page"}],"author":[{"embeddable":true,"href":"https:\/\/www.bmsfrance.eu\/es\/wp-json\/wp\/v2\/users\/1"}],"replies":[{"embeddable":true,"href":"https:\/\/www.bmsfrance.eu\/es\/wp-json\/wp\/v2\/comments?post=6628"}],"version-history":[{"count":15,"href":"https:\/\/www.bmsfrance.eu\/es\/wp-json\/wp\/v2\/pages\/6628\/revisions"}],"predecessor-version":[{"id":20343,"href":"https:\/\/www.bmsfrance.eu\/es\/wp-json\/wp\/v2\/pages\/6628\/revisions\/20343"}],"wp:attachment":[{"href":"https:\/\/www.bmsfrance.eu\/es\/wp-json\/wp\/v2\/media?parent=6628"}],"wp:term":[{"taxonomy":"yst_prominent_words","embeddable":true,"href":"https:\/\/www.bmsfrance.eu\/es\/wp-json\/wp\/v2\/yst_prominent_words?post=6628"}],"curies":[{"name":"wp","href":"https:\/\/api.w.org\/{rel}","templated":true}]}}