{"id":6773,"date":"2018-05-04T16:17:48","date_gmt":"2018-05-04T14:17:48","guid":{"rendered":"http:\/\/192.168.100.188:8888\/wordpress\/?page_id=6773"},"modified":"2020-01-10T10:01:47","modified_gmt":"2020-01-10T09:01:47","slug":"ordene-un-catalogo","status":"publish","type":"page","link":"https:\/\/www.bmsfrance.eu\/es\/ordene-un-catalogo\/","title":{"rendered":"Ordene un cat\u00e1logo"},"content":{"rendered":"<div id=\"cmsmasters_row_\" class=\"cmsmasters_row cmsmasters_color_scheme_default cmsmasters_row_top_default cmsmasters_row_bot_default cmsmasters_row_boxed\">\n<div class=\"cmsmasters_row_outer_parent\">\n<div class=\"cmsmasters_row_outer\">\n<div class=\"cmsmasters_row_inner\">\n<div class=\"cmsmasters_row_margin\">\n<div id=\"cmsmasters_column_\" class=\"cmsmasters_column one_third\">\n<div class=\"cmsmasters_column_inner\"><div class=\"cmsmasters_text\">\n<p style=\"text-align: center;\">Ordene uno o m\u00e1s de nuestros cat\u00e1logos gratis.<br \/>\nRecuerde que todos los cat\u00e1logos est\u00e1n disponibles en l\u00ednea.<\/p>\n<\/div>\n<div class=\"aligncenter\"><div class=\"cmsmasters_img  cmsmasters_image_c\"><a href=\"https:\/\/fr.calameo.com\/read\/00461515479493471455a\" target=\"_blank\"><img decoding=\"async\" src=\"https:\/\/www.bmsfrance.eu\/wp-content\/uploads\/2020\/01\/couv-b23-es-212x300.jpg\" \/><\/a><\/div><\/div>\n<div id=\"cmsmasters_divider_stejesf44w\" class=\"cl\"><\/div>\n<div class=\"cmsmasters_text\">\n<p style=\"text-align: center;\">B23 | Cat\u00e1logo general<\/p>\n<\/div>\n\n<div id=\"cmsmasters_divider_nyqg83aaa\" class=\"cl\"><\/div>\n<div class=\"aligncenter\"><div class=\"cmsmasters_img  cmsmasters_image_c\"><a href=\"https:\/\/fr.calameo.com\/read\/004615154f58b8e54add5\" target=\"_blank\"><img decoding=\"async\" src=\"https:\/\/www.bmsfrance.eu\/wp-content\/uploads\/2018\/04\/couv-peripheriques-es-1-212x300.jpg\" \/><\/a><\/div><\/div>\n<div id=\"cmsmasters_divider_d0lxdo0qtp\" class=\"cl\"><\/div>\n<div class=\"cmsmasters_text\">\n<p style=\"text-align: center;\">Cat\u00e1logo BMS :\u00a0M\u00e1quinas y Perif\u00e9ricos<\/p>\n<\/div>\n<\/div><\/div>\n<div id=\"cmsmasters_column_gm60zco7ob\" class=\"cmsmasters_column two_third\" data-animation=\"bounceInRight\" data-delay=\"200\">\n<div class=\"cmsmasters_column_inner\">\n<div class=\"cmsmasters_contact_form\">\n<div class=\"wpcf7 no-js\" id=\"wpcf7-f19173-o1\" lang=\"es-ES\" dir=\"ltr\" data-wpcf7-id=\"19173\">\n<div class=\"screen-reader-response\"><p role=\"status\" aria-live=\"polite\" aria-atomic=\"true\"><\/p> <ul><\/ul><\/div>\n<form action=\"\/es\/wp-json\/wp\/v2\/pages\/6773#wpcf7-f19173-o1\" method=\"post\" class=\"wpcf7-form init\" aria-label=\"Formulario de contacto\" novalidate=\"novalidate\" data-status=\"init\">\n<fieldset class=\"hidden-fields-container\"><input type=\"hidden\" name=\"_wpcf7\" value=\"19173\" \/><input type=\"hidden\" name=\"_wpcf7_version\" value=\"6.1.4\" \/><input type=\"hidden\" name=\"_wpcf7_locale\" value=\"es_ES\" \/><input type=\"hidden\" name=\"_wpcf7_unit_tag\" value=\"wpcf7-f19173-o1\" \/><input type=\"hidden\" name=\"_wpcf7_container_post\" value=\"0\" \/><input type=\"hidden\" name=\"_wpcf7_posted_data_hash\" value=\"\" \/><input type=\"hidden\" name=\"_wpcf7_recaptcha_response\" value=\"\" \/>\n<\/fieldset>\n<p>Cat\u00e1logos por encargo<br \/>\n<span class=\"wpcf7-form-control-wrap\" data-name=\"catalogue\"><span class=\"wpcf7-form-control wpcf7-checkbox wpcf7-validates-as-required inline\"><span class=\"wpcf7-list-item first\"><label><input type=\"checkbox\" name=\"catalogue[]\" value=\"B23 - Cat\u00e1logo general\" \/><span class=\"wpcf7-list-item-label\">B23 - Cat\u00e1logo general<\/span><\/label><\/span><span class=\"wpcf7-list-item last\"><label><input type=\"checkbox\" name=\"catalogue[]\" value=\"Cat\u00e1logo M\u00e1quinas y Perif\u00e9ricos\" \/><span class=\"wpcf7-list-item-label\">Cat\u00e1logo M\u00e1quinas y Perif\u00e9ricos<\/span><\/label><\/span><\/span><\/span>\n<\/p>\n<div class=\"ultralight inline\">\n\t<p><label > Civilidad<br \/>\n<span class=\"wpcf7-form-control-wrap\" data-name=\"civilite\"><select class=\"wpcf7-form-control wpcf7-select wpcf7-validates-as-required\" aria-required=\"true\" aria-invalid=\"false\" name=\"civilite\"><option value=\"Sr.\">Sr.<\/option><option value=\"Sra.\">Sra.<\/option><\/select><\/span><br \/>\n<\/label>\n\t<\/p>\n<\/div>\n<div class=\"light inline\">\n\t<p><label> Apellido<br \/>\n<span class=\"wpcf7-form-control-wrap\" data-name=\"firstname\"><input size=\"40\" maxlength=\"400\" class=\"wpcf7-form-control wpcf7-text wpcf7-validates-as-required inline\" aria-required=\"true\" aria-invalid=\"false\" value=\"\" type=\"text\" name=\"firstname\" \/><\/span><br \/>\n<\/label>\n\t<\/p>\n<\/div>\n<div class=\"light inline\">\n\t<p><label> Nombre<br \/>\n<span class=\"wpcf7-form-control-wrap\" data-name=\"lastname\"><input size=\"40\" maxlength=\"400\" class=\"wpcf7-form-control wpcf7-text wpcf7-validates-as-required inline\" aria-required=\"true\" aria-invalid=\"false\" value=\"\" type=\"text\" name=\"lastname\" \/><\/span><br \/>\n<\/label>\n\t<\/p>\n<\/div>\n<div class=\"light\">\n\t<p><label> Empresa<br \/>\n<span class=\"wpcf7-form-control-wrap\" data-name=\"societe\"><input size=\"40\" maxlength=\"400\" class=\"wpcf7-form-control wpcf7-text wpcf7-validates-as-required\" aria-required=\"true\" aria-invalid=\"false\" value=\"\" type=\"text\" name=\"societe\" \/><\/span><br \/>\n<\/label>\n\t<\/p>\n<\/div>\n<div class=\"light inline\">\n\t<p><label> Direcci\u00f3n<br \/>\n<span class=\"wpcf7-form-control-wrap\" data-name=\"adresse\"><input size=\"40\" maxlength=\"400\" class=\"wpcf7-form-control wpcf7-text wpcf7-validates-as-required\" aria-required=\"true\" aria-invalid=\"false\" value=\"\" type=\"text\" name=\"adresse\" \/><\/span><br \/>\n<\/label>\n\t<\/p>\n<\/div>\n<div class=\"ultralight inline\">\n\t<p><label> C\u00f3digo postal<br \/>\n<span class=\"wpcf7-form-control-wrap\" data-name=\"CP\"><input size=\"40\" maxlength=\"400\" class=\"wpcf7-form-control wpcf7-text wpcf7-validates-as-required\" aria-required=\"true\" aria-invalid=\"false\" value=\"\" type=\"text\" name=\"CP\" \/><\/span><br \/>\n<\/label>\n\t<\/p>\n<\/div>\n<div class=\"light inline\">\n\t<p><label> Ciudad<br \/>\n<span class=\"wpcf7-form-control-wrap\" data-name=\"ville\"><input size=\"40\" maxlength=\"400\" class=\"wpcf7-form-control wpcf7-text wpcf7-validates-as-required\" aria-required=\"true\" aria-invalid=\"false\" value=\"\" type=\"text\" name=\"ville\" \/><\/span><br \/>\n<\/label>\n\t<\/p>\n<\/div>\n<div class=\"light inline\">\n\t<p><label> Email<br \/>\n<span class=\"wpcf7-form-control-wrap\" data-name=\"email\"><input size=\"40\" maxlength=\"400\" class=\"wpcf7-form-control wpcf7-email wpcf7-validates-as-required wpcf7-text wpcf7-validates-as-email\" aria-required=\"true\" aria-invalid=\"false\" value=\"\" type=\"email\" name=\"email\" \/><\/span><br \/>\n<\/label>\n\t<\/p>\n<\/div>\n<div class=\"light inline\">\n\t<p><label> Tel\u00e9fono<br \/>\n<span class=\"wpcf7-form-control-wrap\" data-name=\"tel\"><input size=\"40\" maxlength=\"400\" class=\"wpcf7-form-control wpcf7-tel wpcf7-validates-as-required wpcf7-text wpcf7-validates-as-tel\" aria-required=\"true\" aria-invalid=\"false\" value=\"\" type=\"tel\" name=\"tel\" \/><\/span><br \/>\n<\/label>\n\t<\/p>\n<\/div>\n<div>\n\t<p><span class=\"wpcf7-form-control-wrap\" data-name=\"accord\"><span class=\"wpcf7-form-control wpcf7-checkbox strong\"><span class=\"wpcf7-list-item first last\"><label><input type=\"checkbox\" name=\"accord[]\" value=\"Al enviar este formulario, acepto que la informaci\u00f3n ingresada en este formulario se utilizar\u00e1 para contactarme, enviarme el bolet\u00edn y enviarme los cat\u00e1logos que solicit\u00e9 en el contexto de la relaci\u00f3n comercial que sigue de esta solicitud de cat\u00e1logo.\" \/><span class=\"wpcf7-list-item-label\">Al enviar este formulario, acepto que la informaci\u00f3n ingresada en este formulario se utilizar\u00e1 para contactarme, enviarme el bolet\u00edn y enviarme los cat\u00e1logos que solicit\u00e9 en el contexto de la relaci\u00f3n comercial que sigue de esta solicitud de cat\u00e1logo.<\/span><\/label><\/span><\/span><\/span>\n\t<\/p>\n<\/div>\n<p><label><strong style=\"color:red\">Todos los campos son obligatorios<\/strong> <\/label>\n<\/p>\n<div>\n\t<p><input class=\"wpcf7-form-control wpcf7-submit has-spinner\" type=\"submit\" value=\"Enviar\" \/>\n\t<\/p>\n<\/div>\n\n<div class=\"wpcf7-response-output\" aria-hidden=\"true\"><\/div>\n<\/form>\n<\/div>\n<\/div>\n<div class=\"cmsmasters_text\">\n<p>De acuerdo con la Ley de Protecci\u00f3n de Datos del 6 de enero de 1978, usted tiene derecho a acceder, rectificar y eliminar informaci\u00f3n sobre usted.<\/p>\n<\/div>\n<\/div><\/div>\n<\/div>\n<\/div>\n<\/div>\n<\/div>\n<\/div>\n<div id=\"cmsmasters_row_\" class=\"cmsmasters_row cmsmasters_color_scheme_default cmsmasters_row_top_default cmsmasters_row_bot_default cmsmasters_row_boxed\">\n<div class=\"cmsmasters_row_outer_parent\">\n<div class=\"cmsmasters_row_outer\">\n<div class=\"cmsmasters_row_inner\">\n<div class=\"cmsmasters_row_margin\">\n<div id=\"cmsmasters_column_\" class=\"cmsmasters_column one_first\">\n<div class=\"cmsmasters_column_inner\"><div class=\"cmsmasters_text\">\n<p><\/p>\n<\/div>\n<\/div><\/div>\n<\/div>\n<\/div>\n<\/div>\n<\/div>\n<\/div>\n\n","protected":false},"excerpt":{"rendered":"","protected":false},"author":1,"featured_media":0,"parent":0,"menu_order":8,"comment_status":"closed","ping_status":"closed","template":"","meta":{"footnotes":""},"yst_prominent_words":[4475,4832,4930,4828,4876,4936,4933,4853,4934,4476,4935,4833,4826,4892,4937,4932,4929,4856],"class_list":["post-6773","page","type-page","status-publish","hentry"],"_links":{"self":[{"href":"https:\/\/www.bmsfrance.eu\/es\/wp-json\/wp\/v2\/pages\/6773","targetHints":{"allow":["GET"]}}],"collection":[{"href":"https:\/\/www.bmsfrance.eu\/es\/wp-json\/wp\/v2\/pages"}],"about":[{"href":"https:\/\/www.bmsfrance.eu\/es\/wp-json\/wp\/v2\/types\/page"}],"author":[{"embeddable":true,"href":"https:\/\/www.bmsfrance.eu\/es\/wp-json\/wp\/v2\/users\/1"}],"replies":[{"embeddable":true,"href":"https:\/\/www.bmsfrance.eu\/es\/wp-json\/wp\/v2\/comments?post=6773"}],"version-history":[{"count":16,"href":"https:\/\/www.bmsfrance.eu\/es\/wp-json\/wp\/v2\/pages\/6773\/revisions"}],"predecessor-version":[{"id":20028,"href":"https:\/\/www.bmsfrance.eu\/es\/wp-json\/wp\/v2\/pages\/6773\/revisions\/20028"}],"wp:attachment":[{"href":"https:\/\/www.bmsfrance.eu\/es\/wp-json\/wp\/v2\/media?parent=6773"}],"wp:term":[{"taxonomy":"yst_prominent_words","embeddable":true,"href":"https:\/\/www.bmsfrance.eu\/es\/wp-json\/wp\/v2\/yst_prominent_words?post=6773"}],"curies":[{"name":"wp","href":"https:\/\/api.w.org\/{rel}","templated":true}]}}