{"id":8659,"date":"2018-05-28T10:55:03","date_gmt":"2018-05-28T08:55:03","guid":{"rendered":"http:\/\/192.168.100.188:8888\/wordpress\/?page_id=8659"},"modified":"2022-09-30T09:46:47","modified_gmt":"2022-09-30T07:46:47","slug":"newsletter","status":"publish","type":"page","link":"https:\/\/www.bmsfrance.eu\/es\/newsletter\/","title":{"rendered":"Newsletter"},"content":{"rendered":"<div id=\"cmsmasters_row_9gadcodoqa\" class=\"cmsmasters_row cmsmasters_color_scheme_default cmsmasters_row_top_default cmsmasters_row_bot_default cmsmasters_row_boxed\">\n<div class=\"cmsmasters_row_outer_parent\">\n<div class=\"cmsmasters_row_outer\">\n<div class=\"cmsmasters_row_inner\">\n<div class=\"cmsmasters_row_margin\">\n<div id=\"cmsmasters_column_y6i2akut89\" class=\"cmsmasters_column one_first\">\n<div class=\"cmsmasters_column_inner\">\n<div id=\"cmsmasters_divider_fankstpn1\" class=\"cl\"><\/div>\n<div class=\"aligncenter\"><div class=\"cmsmasters_img  cmsmasters_image_c arrondi\"><img decoding=\"async\" src=\"https:\/\/www.bmsfrance.eu\/wp-content\/uploads\/2018\/05\/bandeau-newsletter-buses-es.jpg\" \/><\/div><\/div>\n<div id=\"cmsmasters_divider_abld7hml4e\" class=\"cl\"><\/div>\n<\/div><\/div>\n<\/div>\n<\/div>\n<\/div>\n<\/div>\n<\/div>\n<div id=\"cmsmasters_row_ryymozf14a\" class=\"cmsmasters_row cmsmasters_color_scheme_default cmsmasters_row_top_default cmsmasters_row_bot_default cmsmasters_row_boxed\">\n<div class=\"cmsmasters_row_outer_parent\">\n<div class=\"cmsmasters_row_outer\">\n<div class=\"cmsmasters_row_inner\">\n<div class=\"cmsmasters_row_margin\">\n<div id=\"cmsmasters_column_btv1k7zir\" class=\"cmsmasters_column one_first\" data-animation=\"fadeIn\" data-delay=\"200\">\n<div class=\"cmsmasters_column_inner\">\n<div class=\"cmsmasters_contact_form\">\n<div class=\"wpcf7 no-js\" id=\"wpcf7-f19356-o1\" lang=\"es-ES\" dir=\"ltr\" data-wpcf7-id=\"19356\">\n<div class=\"screen-reader-response\"><p role=\"status\" aria-live=\"polite\" aria-atomic=\"true\"><\/p> <ul><\/ul><\/div>\n<form action=\"\/es\/wp-json\/wp\/v2\/pages\/8659#wpcf7-f19356-o1\" method=\"post\" class=\"wpcf7-form init\" aria-label=\"Formulario de contacto\" novalidate=\"novalidate\" data-status=\"init\">\n<fieldset class=\"hidden-fields-container\"><input type=\"hidden\" name=\"_wpcf7\" value=\"19356\" \/><input type=\"hidden\" name=\"_wpcf7_version\" value=\"6.1.4\" \/><input type=\"hidden\" name=\"_wpcf7_locale\" value=\"es_ES\" \/><input type=\"hidden\" name=\"_wpcf7_unit_tag\" value=\"wpcf7-f19356-o1\" \/><input type=\"hidden\" name=\"_wpcf7_container_post\" value=\"0\" \/><input type=\"hidden\" name=\"_wpcf7_posted_data_hash\" value=\"\" \/><input type=\"hidden\" name=\"_wpcf7_recaptcha_response\" value=\"\" \/>\n<\/fieldset>\n<div>\n\t<p><label> Email (obligatorio)<br \/>\n<span class=\"wpcf7-form-control-wrap\" data-name=\"email\"><input size=\"40\" maxlength=\"400\" class=\"wpcf7-form-control wpcf7-email wpcf7-validates-as-required wpcf7-text wpcf7-validates-as-email\" aria-required=\"true\" aria-invalid=\"false\" value=\"\" type=\"email\" name=\"email\" \/><\/span> <\/label>\n\t<\/p>\n<\/div>\n<div>\n\t<div class=\"inline\">\n\t\t<p><label> Empresa (obligatorio)<br \/>\n<span class=\"wpcf7-form-control-wrap\" data-name=\"company\"><input size=\"40\" maxlength=\"400\" class=\"wpcf7-form-control wpcf7-text wpcf7-validates-as-required\" aria-required=\"true\" aria-invalid=\"false\" value=\"\" type=\"text\" name=\"company\" \/><\/span> <\/label>\n\t\t<\/p>\n\t<\/div>\n\t<div class=\"inline light\">\n\t\t<p><label> Apellido (obligatorio)<br \/>\n<span class=\"wpcf7-form-control-wrap\" data-name=\"lastname\"><input size=\"40\" maxlength=\"400\" class=\"wpcf7-form-control wpcf7-text wpcf7-validates-as-required\" aria-required=\"true\" aria-invalid=\"false\" value=\"\" type=\"text\" name=\"lastname\" \/><\/span> <\/label>\n\t\t<\/p>\n\t<\/div>\n\t<div class=\"light inline\">\n\t\t<p><label> Nombre<br \/>\n<span class=\"wpcf7-form-control-wrap\" data-name=\"firstname\"><input size=\"40\" maxlength=\"400\" class=\"wpcf7-form-control wpcf7-text\" aria-invalid=\"false\" value=\"\" type=\"text\" name=\"firstname\" \/><\/span> <\/label>\n\t\t<\/p>\n\t<\/div>\n<\/div>\n<div>\n\t<div class=\"ultralight inline\">\n\t\t<p><label> C\u00f3digo postal<br \/>\n<span class=\"wpcf7-form-control-wrap\" data-name=\"postalcode\"><input size=\"40\" maxlength=\"400\" class=\"wpcf7-form-control wpcf7-text\" aria-invalid=\"false\" value=\"\" type=\"text\" name=\"postalcode\" \/><\/span> <\/label>\n\t\t<\/p>\n\t<\/div>\n\t<div class=\"inline light\">\n\t\t<p><label> Ciudad<br \/>\n<span class=\"wpcf7-form-control-wrap\" data-name=\"town\"><input size=\"40\" maxlength=\"400\" class=\"wpcf7-form-control wpcf7-text\" aria-invalid=\"false\" value=\"\" type=\"text\" name=\"town\" \/><\/span> <\/label>\n\t\t<\/p>\n\t<\/div>\n<\/div>\n<div>\n\t<p><span class=\"wpcf7-form-control-wrap\" data-name=\"accord\"><span class=\"wpcf7-form-control wpcf7-checkbox strong\"><span class=\"wpcf7-list-item first last\"><label><input type=\"checkbox\" name=\"accord[]\" value=\"Al enviar este formulario, acepto que la informaci\u00f3n ingresada en este formulario se utilizar\u00e1 para permitirme contactarme y enviarme el bolet\u00edn como parte de la relaci\u00f3n comercial que surge de esta solicitud de suscripci\u00f3n al bolet\u00edn.\" \/><span class=\"wpcf7-list-item-label\">Al enviar este formulario, acepto que la informaci\u00f3n ingresada en este formulario se utilizar\u00e1 para permitirme contactarme y enviarme el bolet\u00edn como parte de la relaci\u00f3n comercial que surge de esta solicitud de suscripci\u00f3n al bolet\u00edn.<\/span><\/label><\/span><\/span><\/span>\n\t<\/p>\n<\/div>\n<p><input class=\"wpcf7-form-control wpcf7-submit has-spinner\" type=\"submit\" value=\"Enviar\" \/>\n<\/p><div class=\"wpcf7-response-output\" aria-hidden=\"true\"><\/div>\n<\/form>\n<\/div>\n<\/div>\n<div class=\"cmsmasters_text\">\n<p>Puede darse de baja en cualquier momento utilizando el enlace presente en cada newsletter. Para obtener m\u00e1s informaci\u00f3n sobre c\u00f3mo recopilamos su informaci\u00f3n personal, as\u00ed como para el ejercicio de sus derechos, clique aqu\u00ed para <a href=\"https:\/\/www.bmsfrance.eu\/es\/politica-de-privacidad\/\">consultar nuestra pol\u00edtica de privacidad<\/a>.<\/p>\n<p>&#8212;&#8212;&#8212;&#8212;&#8212;&#8212;-<\/p>\n<p>BMS Espa\u00f1a |<\/p>\n<p>Parque Tecnol\u00f3gico del Vall\u00e9s, Calle Paletes no. 8, Edificio B, 08290 Cerdanyola de Vall\u00e8s Barcelona | Tel : +34\/93.565.07.56 | Fax : +34\/93.565.07.57 | Mail : bms@bmsespana.eu<\/p>\n<\/div>\n<\/div><\/div>\n<\/div>\n<\/div>\n<\/div>\n<\/div>\n<\/div>\n\n","protected":false},"excerpt":{"rendered":"","protected":false},"author":1,"featured_media":0,"parent":0,"menu_order":12,"comment_status":"closed","ping_status":"closed","template":"","meta":{"footnotes":""},"yst_prominent_words":[4876,4935,4868],"class_list":["post-8659","page","type-page","status-publish","hentry"],"_links":{"self":[{"href":"https:\/\/www.bmsfrance.eu\/es\/wp-json\/wp\/v2\/pages\/8659","targetHints":{"allow":["GET"]}}],"collection":[{"href":"https:\/\/www.bmsfrance.eu\/es\/wp-json\/wp\/v2\/pages"}],"about":[{"href":"https:\/\/www.bmsfrance.eu\/es\/wp-json\/wp\/v2\/types\/page"}],"author":[{"embeddable":true,"href":"https:\/\/www.bmsfrance.eu\/es\/wp-json\/wp\/v2\/users\/1"}],"replies":[{"embeddable":true,"href":"https:\/\/www.bmsfrance.eu\/es\/wp-json\/wp\/v2\/comments?post=8659"}],"version-history":[{"count":10,"href":"https:\/\/www.bmsfrance.eu\/es\/wp-json\/wp\/v2\/pages\/8659\/revisions"}],"predecessor-version":[{"id":23081,"href":"https:\/\/www.bmsfrance.eu\/es\/wp-json\/wp\/v2\/pages\/8659\/revisions\/23081"}],"wp:attachment":[{"href":"https:\/\/www.bmsfrance.eu\/es\/wp-json\/wp\/v2\/media?parent=8659"}],"wp:term":[{"taxonomy":"yst_prominent_words","embeddable":true,"href":"https:\/\/www.bmsfrance.eu\/es\/wp-json\/wp\/v2\/yst_prominent_words?post=8659"}],"curies":[{"name":"wp","href":"https:\/\/api.w.org\/{rel}","templated":true}]}}